{"id":162,"date":"2016-11-22T23:23:21","date_gmt":"2016-11-23T01:23:21","guid":{"rendered":"http:\/\/www.agencia7.com\/maquina-de-vendas\/?page_id=162"},"modified":"2020-11-26T22:17:16","modified_gmt":"2020-11-27T01:17:16","slug":"black-week-leadlovers","status":"publish","type":"page","link":"https:\/\/www.agencia7.com\/maquina-de-vendas\/black-week-leadlovers\/","title":{"rendered":"Black Week LeadLovers"},"content":{"rendered":"<p>O Leadlovers, uma dos melhores sistemas de envio de e-mail marketing est\u00e1 participando da Black Friday com descontos de at\u00e9 30%. Come\u00e7a dia 26\/11\/2020 e vai at\u00e9 o dia 27\/11\/2020 \u00e0s 23:59. <strong>Aproveite<\/strong><\/p>\n<p>&nbsp;<\/p>\n<p><img loading=\"lazy\" decoding=\"async\" class=\"size-full wp-image-164 aligncenter\" src=\"http:\/\/www.agencia7.com\/maquina-de-vendas\/wp-content\/uploads\/2016\/11\/black-week-lead-lovers.jpg\" alt=\"black-week-lead-lovers\" width=\"369\" height=\"345\" srcset=\"https:\/\/www.agencia7.com\/maquina-de-vendas\/wp-content\/uploads\/2016\/11\/black-week-lead-lovers.jpg 369w, https:\/\/www.agencia7.com\/maquina-de-vendas\/wp-content\/uploads\/2016\/11\/black-week-lead-lovers-300x280.jpg 300w\" sizes=\"auto, (max-width: 369px) 100vw, 369px\" \/><\/p>\n<p>&nbsp;<\/p>\n<p>Escute o Diego Carmona (CVO do LeadLovers) explicando para que serve o LeadLovers.<br \/>\n<iframe loading=\"lazy\" src=\"https:\/\/www.youtube.com\/embed\/QeknnX_OBeE\" width=\"560\" height=\"315\" frameborder=\"0\" allowfullscreen=\"allowfullscreen\"><\/iframe><\/p>\n<p>&nbsp;<\/p>\n<p>Mais informa\u00e7\u00f5es no grupo do facebook. Acesse o grupo atrav\u00e9s do link <a title=\"Grupo Facebook Leadlovers\" href=\"https:\/\/www.agencia7.com\/conversoes\/grupo-fb-leadlovers.php\" target=\"_blank\" rel=\"noopener noreferrer\">www.agencia7.com\/maquina-de-vendas\/grupofbleadlovers<\/a>.<\/p>\n<p>&nbsp;<\/p>\n<h2>Planos<\/h2>\n<p>Para ver e assinar um plano, voc\u00ea tem que clicar <a title=\"Black Week leadlovers\" href=\"https:\/\/www.agencia7.com\/conversoes\/black-week-leadlovers.php\" target=\"_blank\" rel=\"noopener noreferrer\">aqui<\/a> e ir para o site oficial da Black Week leadlovers ou ent\u00e3o clique no link abaixo.<\/p>\n<p>Link da promo\u00e7\u00e3o:\u00a0<a title=\"Black Week leadlovers\" href=\"https:\/\/www.agencia7.com\/conversoes\/black-week-leadlovers.php\" target=\"_blank\" rel=\"noopener noreferrer\">www.agencia7.com\/maquina-de-vendas\/blackweek2020<\/a>.<\/p>\n<p>&nbsp;<\/p>\n<h2>Termina<\/h2>\n<p>Esta promo\u00e7\u00e3o come\u00e7a dia 26\/11\/2020 e termina dia 27\/11\/2020 \u00e0 s 23:59. Ent\u00e3o aproveite agora.<\/p>\n<p>&nbsp;<\/p>\n<h2>Um Segredo<\/h2>\n<p>Se eu fosse voc\u00ea, eu pensaria com muito carinho em aproveitar a Black Week para assinar o leadlovers porque os pre\u00e7os das assinaturas ir\u00e3o subir depois de uma semana de ofertas.<\/p>\n<p>&nbsp;<\/p>\n<p>E eu n\u00e3o quero dizer apenas voltar ao valor original, mas haver\u00e1 um aumento no valor da assinatura mensal, mas quem j\u00e1 for cliente, n\u00e3o ser\u00e1 afetado.<\/p>\n<p>&nbsp;<\/p>\n<p>Ent\u00e3o, refor\u00e7o a dica, acesse o link acima para aproveitar os valores promocionais e n\u00e3o deixe uma semana inteira de descontos passar.<\/p>\n","protected":false},"excerpt":{"rendered":"<p>O Leadlovers, uma dos melhores sistemas de envio de e-mail marketing est\u00e1 participando da Black Friday com descontos de at\u00e9 30%. Come\u00e7a dia 26\/11\/2020 e vai at\u00e9 o dia 27\/11\/2020 \u00e0s 23:59. Aproveite &nbsp; &nbsp; Escute o Diego Carmona (CVO do LeadLovers) explicando para que serve o LeadLovers. &nbsp; Mais informa\u00e7\u00f5es no grupo do facebook. [&hellip;]<\/p>\n","protected":false},"author":1,"featured_media":0,"parent":0,"menu_order":0,"comment_status":"closed","ping_status":"closed","template":"","meta":{"site-sidebar-layout":"default","site-content-layout":"","ast-site-content-layout":"default","site-content-style":"default","site-sidebar-style":"default","ast-global-header-display":"","ast-banner-title-visibility":"","ast-main-header-display":"","ast-hfb-above-header-display":"","ast-hfb-below-header-display":"","ast-hfb-mobile-header-display":"","site-post-title":"","ast-breadcrumbs-content":"","ast-featured-img":"","footer-sml-layout":"","ast-disable-related-posts":"","theme-transparent-header-meta":"","adv-header-id-meta":"","stick-header-meta":"","header-above-stick-meta":"","header-main-stick-meta":"","header-below-stick-meta":"","astra-migrate-meta-layouts":"default","ast-page-background-enabled":"default","ast-page-background-meta":{"desktop":{"background-color":"var(--ast-global-color-4)","background-image":"","background-repeat":"repeat","background-position":"center center","background-size":"auto","background-attachment":"scroll","background-type":"","background-media":"","overlay-type":"","overlay-color":"","overlay-opacity":"","overlay-gradient":""},"tablet":{"background-color":"","background-image":"","background-repeat":"repeat","background-position":"center center","background-size":"auto","background-attachment":"scroll","background-type":"","background-media":"","overlay-type":"","overlay-color":"","overlay-opacity":"","overlay-gradient":""},"mobile":{"background-color":"","background-image":"","background-repeat":"repeat","background-position":"center center","background-size":"auto","background-attachment":"scroll","background-type":"","background-media":"","overlay-type":"","overlay-color":"","overlay-opacity":"","overlay-gradient":""}},"ast-content-background-meta":{"desktop":{"background-color":"var(--ast-global-color-5)","background-image":"","background-repeat":"repeat","background-position":"center center","background-size":"auto","background-attachment":"scroll","background-type":"","background-media":"","overlay-type":"","overlay-color":"","overlay-opacity":"","overlay-gradient":""},"tablet":{"background-color":"var(--ast-global-color-5)","background-image":"","background-repeat":"repeat","background-position":"center center","background-size":"auto","background-attachment":"scroll","background-type":"","background-media":"","overlay-type":"","overlay-color":"","overlay-opacity":"","overlay-gradient":""},"mobile":{"background-color":"var(--ast-global-color-5)","background-image":"","background-repeat":"repeat","background-position":"center center","background-size":"auto","background-attachment":"scroll","background-type":"","background-media":"","overlay-type":"","overlay-color":"","overlay-opacity":"","overlay-gradient":""}},"footnotes":""},"class_list":["post-162","page","type-page","status-publish","hentry"],"yoast_head":"<!-- This site is optimized with the Yoast SEO plugin v27.0 - https:\/\/yoast.com\/product\/yoast-seo-wordpress\/ -->\n<title>Black Week LeadLovers | Leadlovers M\u00e1quina de Leads<\/title>\n<meta name=\"description\" content=\"Um dos melhores sistemas de e-mail marketing est\u00e1 fazendo a Black Friday Leadlovers. Descontos de at\u00e9 25%. Aproveite a oportunidade do ano.\" \/>\n<meta name=\"robots\" content=\"index, follow, max-snippet:-1, max-image-preview:large, max-video-preview:-1\" \/>\n<link rel=\"canonical\" href=\"https:\/\/www.agencia7.com\/maquina-de-vendas\/black-week-leadlovers\/\" \/>\n<meta property=\"og:locale\" content=\"pt_BR\" \/>\n<meta property=\"og:type\" content=\"article\" \/>\n<meta property=\"og:title\" content=\"Black Week LeadLovers\" \/>\n<meta property=\"og:description\" content=\"Um dos melhores sistemas de e-mail marketing est\u00e1 fazendo a Black Friday Leadlovers. Descontos de at\u00e9 25%. Aproveite a oportunidade do ano.\" \/>\n<meta property=\"og:url\" content=\"https:\/\/www.agencia7.com\/maquina-de-vendas\/black-week-leadlovers\/\" \/>\n<meta property=\"og:site_name\" content=\"Leadlovers M\u00e1quina de Leads\" \/>\n<meta property=\"article:modified_time\" content=\"2020-11-27T01:17:16+00:00\" \/>\n<meta property=\"og:image\" content=\"https:\/\/www.agencia7.com\/maquina-de-vendas\/wp-content\/uploads\/2017\/11\/black-week-leadlovers-facebook-3.jpg\" \/>\n\t<meta property=\"og:image:width\" content=\"1200\" \/>\n\t<meta property=\"og:image:height\" content=\"628\" \/>\n\t<meta property=\"og:image:type\" content=\"image\/jpeg\" \/>\n<meta name=\"twitter:label1\" content=\"Est. tempo de leitura\" \/>\n\t<meta name=\"twitter:data1\" content=\"1 minuto\" \/>\n<script type=\"application\/ld+json\" class=\"yoast-schema-graph\">{\"@context\":\"https:\/\/schema.org\",\"@graph\":[{\"@type\":\"WebPage\",\"@id\":\"https:\/\/www.agencia7.com\/maquina-de-vendas\/black-week-leadlovers\/\",\"url\":\"https:\/\/www.agencia7.com\/maquina-de-vendas\/black-week-leadlovers\/\",\"name\":\"Black Week LeadLovers | Leadlovers M\u00e1quina de Leads\",\"isPartOf\":{\"@id\":\"https:\/\/www.agencia7.com\/maquina-de-vendas\/#website\"},\"primaryImageOfPage\":{\"@id\":\"https:\/\/www.agencia7.com\/maquina-de-vendas\/black-week-leadlovers\/#primaryimage\"},\"image\":{\"@id\":\"https:\/\/www.agencia7.com\/maquina-de-vendas\/black-week-leadlovers\/#primaryimage\"},\"thumbnailUrl\":\"http:\/\/www.agencia7.com\/maquina-de-vendas\/wp-content\/uploads\/2016\/11\/black-week-lead-lovers.jpg\",\"datePublished\":\"2016-11-23T01:23:21+00:00\",\"dateModified\":\"2020-11-27T01:17:16+00:00\",\"description\":\"Um dos melhores sistemas de e-mail marketing est\u00e1 fazendo a Black Friday Leadlovers. Descontos de at\u00e9 25%. Aproveite a oportunidade do ano.\",\"breadcrumb\":{\"@id\":\"https:\/\/www.agencia7.com\/maquina-de-vendas\/black-week-leadlovers\/#breadcrumb\"},\"inLanguage\":\"pt-BR\",\"potentialAction\":[{\"@type\":\"ReadAction\",\"target\":[\"https:\/\/www.agencia7.com\/maquina-de-vendas\/black-week-leadlovers\/\"]}]},{\"@type\":\"ImageObject\",\"inLanguage\":\"pt-BR\",\"@id\":\"https:\/\/www.agencia7.com\/maquina-de-vendas\/black-week-leadlovers\/#primaryimage\",\"url\":\"https:\/\/www.agencia7.com\/maquina-de-vendas\/wp-content\/uploads\/2016\/11\/black-week-lead-lovers.jpg\",\"contentUrl\":\"https:\/\/www.agencia7.com\/maquina-de-vendas\/wp-content\/uploads\/2016\/11\/black-week-lead-lovers.jpg\",\"width\":369,\"height\":345},{\"@type\":\"BreadcrumbList\",\"@id\":\"https:\/\/www.agencia7.com\/maquina-de-vendas\/black-week-leadlovers\/#breadcrumb\",\"itemListElement\":[{\"@type\":\"ListItem\",\"position\":1,\"name\":\"In\u00edcio\",\"item\":\"https:\/\/www.agencia7.com\/maquina-de-vendas\/\"},{\"@type\":\"ListItem\",\"position\":2,\"name\":\"Black Week LeadLovers\"}]},{\"@type\":\"WebSite\",\"@id\":\"https:\/\/www.agencia7.com\/maquina-de-vendas\/#website\",\"url\":\"https:\/\/www.agencia7.com\/maquina-de-vendas\/\",\"name\":\"Leadlovers M\u00e1quina de Leads\",\"description\":\"Use o leadlovers m\u00e1quina de leads na sua estrat\u00e9gia de vendas\",\"potentialAction\":[{\"@type\":\"SearchAction\",\"target\":{\"@type\":\"EntryPoint\",\"urlTemplate\":\"https:\/\/www.agencia7.com\/maquina-de-vendas\/?s={search_term_string}\"},\"query-input\":{\"@type\":\"PropertyValueSpecification\",\"valueRequired\":true,\"valueName\":\"search_term_string\"}}],\"inLanguage\":\"pt-BR\"}]}<\/script>\n<!-- \/ Yoast SEO plugin. -->","yoast_head_json":{"title":"Black Week LeadLovers | Leadlovers M\u00e1quina de Leads","description":"Um dos melhores sistemas de e-mail marketing est\u00e1 fazendo a Black Friday Leadlovers. Descontos de at\u00e9 25%. Aproveite a oportunidade do ano.","robots":{"index":"index","follow":"follow","max-snippet":"max-snippet:-1","max-image-preview":"max-image-preview:large","max-video-preview":"max-video-preview:-1"},"canonical":"https:\/\/www.agencia7.com\/maquina-de-vendas\/black-week-leadlovers\/","og_locale":"pt_BR","og_type":"article","og_title":"Black Week LeadLovers","og_description":"Um dos melhores sistemas de e-mail marketing est\u00e1 fazendo a Black Friday Leadlovers. Descontos de at\u00e9 25%. Aproveite a oportunidade do ano.","og_url":"https:\/\/www.agencia7.com\/maquina-de-vendas\/black-week-leadlovers\/","og_site_name":"Leadlovers M\u00e1quina de Leads","article_modified_time":"2020-11-27T01:17:16+00:00","og_image":[{"width":1200,"height":628,"url":"https:\/\/www.agencia7.com\/maquina-de-vendas\/wp-content\/uploads\/2017\/11\/black-week-leadlovers-facebook-3.jpg","type":"image\/jpeg"}],"twitter_misc":{"Est. tempo de leitura":"1 minuto"},"schema":{"@context":"https:\/\/schema.org","@graph":[{"@type":"WebPage","@id":"https:\/\/www.agencia7.com\/maquina-de-vendas\/black-week-leadlovers\/","url":"https:\/\/www.agencia7.com\/maquina-de-vendas\/black-week-leadlovers\/","name":"Black Week LeadLovers | Leadlovers M\u00e1quina de Leads","isPartOf":{"@id":"https:\/\/www.agencia7.com\/maquina-de-vendas\/#website"},"primaryImageOfPage":{"@id":"https:\/\/www.agencia7.com\/maquina-de-vendas\/black-week-leadlovers\/#primaryimage"},"image":{"@id":"https:\/\/www.agencia7.com\/maquina-de-vendas\/black-week-leadlovers\/#primaryimage"},"thumbnailUrl":"http:\/\/www.agencia7.com\/maquina-de-vendas\/wp-content\/uploads\/2016\/11\/black-week-lead-lovers.jpg","datePublished":"2016-11-23T01:23:21+00:00","dateModified":"2020-11-27T01:17:16+00:00","description":"Um dos melhores sistemas de e-mail marketing est\u00e1 fazendo a Black Friday Leadlovers. Descontos de at\u00e9 25%. Aproveite a oportunidade do ano.","breadcrumb":{"@id":"https:\/\/www.agencia7.com\/maquina-de-vendas\/black-week-leadlovers\/#breadcrumb"},"inLanguage":"pt-BR","potentialAction":[{"@type":"ReadAction","target":["https:\/\/www.agencia7.com\/maquina-de-vendas\/black-week-leadlovers\/"]}]},{"@type":"ImageObject","inLanguage":"pt-BR","@id":"https:\/\/www.agencia7.com\/maquina-de-vendas\/black-week-leadlovers\/#primaryimage","url":"https:\/\/www.agencia7.com\/maquina-de-vendas\/wp-content\/uploads\/2016\/11\/black-week-lead-lovers.jpg","contentUrl":"https:\/\/www.agencia7.com\/maquina-de-vendas\/wp-content\/uploads\/2016\/11\/black-week-lead-lovers.jpg","width":369,"height":345},{"@type":"BreadcrumbList","@id":"https:\/\/www.agencia7.com\/maquina-de-vendas\/black-week-leadlovers\/#breadcrumb","itemListElement":[{"@type":"ListItem","position":1,"name":"In\u00edcio","item":"https:\/\/www.agencia7.com\/maquina-de-vendas\/"},{"@type":"ListItem","position":2,"name":"Black Week LeadLovers"}]},{"@type":"WebSite","@id":"https:\/\/www.agencia7.com\/maquina-de-vendas\/#website","url":"https:\/\/www.agencia7.com\/maquina-de-vendas\/","name":"Leadlovers M\u00e1quina de Leads","description":"Use o leadlovers m\u00e1quina de leads na sua estrat\u00e9gia de vendas","potentialAction":[{"@type":"SearchAction","target":{"@type":"EntryPoint","urlTemplate":"https:\/\/www.agencia7.com\/maquina-de-vendas\/?s={search_term_string}"},"query-input":{"@type":"PropertyValueSpecification","valueRequired":true,"valueName":"search_term_string"}}],"inLanguage":"pt-BR"}]}},"_links":{"self":[{"href":"https:\/\/www.agencia7.com\/maquina-de-vendas\/wp-json\/wp\/v2\/pages\/162","targetHints":{"allow":["GET"]}}],"collection":[{"href":"https:\/\/www.agencia7.com\/maquina-de-vendas\/wp-json\/wp\/v2\/pages"}],"about":[{"href":"https:\/\/www.agencia7.com\/maquina-de-vendas\/wp-json\/wp\/v2\/types\/page"}],"author":[{"embeddable":true,"href":"https:\/\/www.agencia7.com\/maquina-de-vendas\/wp-json\/wp\/v2\/users\/1"}],"replies":[{"embeddable":true,"href":"https:\/\/www.agencia7.com\/maquina-de-vendas\/wp-json\/wp\/v2\/comments?post=162"}],"version-history":[{"count":22,"href":"https:\/\/www.agencia7.com\/maquina-de-vendas\/wp-json\/wp\/v2\/pages\/162\/revisions"}],"predecessor-version":[{"id":881,"href":"https:\/\/www.agencia7.com\/maquina-de-vendas\/wp-json\/wp\/v2\/pages\/162\/revisions\/881"}],"wp:attachment":[{"href":"https:\/\/www.agencia7.com\/maquina-de-vendas\/wp-json\/wp\/v2\/media?parent=162"}],"curies":[{"name":"wp","href":"https:\/\/api.w.org\/{rel}","templated":true}]}}