{"id":2,"date":"2016-04-11T04:13:53","date_gmt":"2016-04-11T04:13:53","guid":{"rendered":"http:\/\/www.agencia7.com\/maquina-de-vendas\/?page_id=2"},"modified":"2023-08-01T10:12:13","modified_gmt":"2023-08-01T13:12:13","slug":"o-que-e-lead-lovers-maquina-de-vendas","status":"publish","type":"page","link":"https:\/\/www.agencia7.com\/maquina-de-vendas\/","title":{"rendered":"O que \u00e9 Leadlovers M\u00e1quina de Leads?"},"content":{"rendered":"<p>Conhe\u00e7a a incr\u00ed\u00advel <strong>Leadlovers M\u00e1quina de Leads<\/strong>!<\/p>\n<p>&nbsp;<\/p>\n<p><img loading=\"lazy\" decoding=\"async\" class=\"aligncenter size-full wp-image-621\" src=\"https:\/\/www.agencia7.com\/maquina-de-vendas\/wp-content\/uploads\/2020\/03\/capa-lead-lovers-600.jpg\" alt=\"Leadlovers M\u00e1quina de Leads\" width=\"600\" height=\"377\" srcset=\"https:\/\/www.agencia7.com\/maquina-de-vendas\/wp-content\/uploads\/2020\/03\/capa-lead-lovers-600.jpg 600w, https:\/\/www.agencia7.com\/maquina-de-vendas\/wp-content\/uploads\/2020\/03\/capa-lead-lovers-600-300x189.jpg 300w, https:\/\/www.agencia7.com\/maquina-de-vendas\/wp-content\/uploads\/2020\/03\/capa-lead-lovers-600-320x201.jpg 320w, https:\/\/www.agencia7.com\/maquina-de-vendas\/wp-content\/uploads\/2020\/03\/capa-lead-lovers-600-360x226.jpg 360w\" sizes=\"auto, (max-width: 600px) 100vw, 600px\" \/><\/p>\n<p>&nbsp;<\/p>\n<p>A \u00fanica plataforma &#8220;Tudo em um&#8221; para deixar voc\u00ea livre para pensar em neg\u00f3cios, n\u00e3o em ferramentas.<\/p>\n<p>&nbsp;<\/p>\n<p>Como vender pela <a href=\"https:\/\/pt.wikipedia.org\/wiki\/Internet\" target=\"_blank\" rel=\"noopener noreferrer\">internet<\/a> da maneira certa? Use a Lead Lovers M\u00e1quina de Leads.<\/p>\n<p>&nbsp;<\/p>\n<p>Aproveite o poder da internet e da automa\u00e7\u00e3o para atrair e converter visitantes em <a href=\"https:\/\/pt.wikipedia.org\/wiki\/Gera%C3%A7%C3%A3o_de_lides\" target=\"_blank\" rel=\"noopener noreferrer\">Leads<\/a>, Leads em Oportunidades, Oportunidades em Clientes e Clientes em f\u00e3s delirantes.<\/p>\n<p>&nbsp;<\/p>\n<p>Descubra o Universo do Marketing Digital Brasileiro.<\/p>\n<p>&nbsp;<\/p>\n<p>Momento de crise? N\u00e3o! Agora \u00e9 momento de oportunidade para iniciar um novo neg\u00f3cio e decidir n\u00e3o aderir a crise.<\/p>\n<p>&nbsp;<\/p>\n<h2>Broadcast e newsletter<\/h2>\n<p>Com a lead lovers m\u00e1quina de leads voc\u00ea tamb\u00e9m pode enviar emails pontuais para os seus clientes, no formato tradicional de mala direta ou newsletter.<\/p>\n<p>&nbsp;<\/p>\n<p>Comunica\u00e7\u00e3o baseada nas a\u00e7\u00f5es dos seus potenciais clientes. Envio de email para quem abriu ou n\u00e3o abriu o seu email, quem clicou ou n\u00e3o clicou no seu email ou at\u00e9 mesmo quem se descadastrou da sua m\u00e1quina.<\/p>\n<p>&nbsp;<\/p>\n<h2>E-mail marketing e autoresponder<\/h2>\n<p>Envio de emails autom\u00e1ticos com op\u00e7\u00e3o de escolha de dias e horas que devem ser enviados, escolha do intervalo de envio dos emails (quantidade de dias).<\/p>\n<p>&nbsp;<\/p>\n<p>Op\u00e7\u00f5es para duplicar e enviar emails de teste, n\u00e3o apenas de um email mais de toda a sua sequ\u00eancia de emails.<\/p>\n<p>&nbsp;<\/p>\n<p>Facilidade na organiza\u00e7\u00e3o dos emails com a op\u00e7\u00e3o de arrastar os emails e reordenar a sequ\u00eancia de envio.<\/p>\n<p>&nbsp;<\/p>\n<h2>Lead Lovers M\u00e1quina de leads para afiliados<\/h2>\n<p>Traga sua empresa para um novo mundo repleto de novos horizontes.<\/p>\n<p>&nbsp;<\/p>\n<p>Com este recurso \u00e9 poss\u00edvel criar um modelo de neg\u00f3cio replic\u00e1vel, onde ap\u00f3s testar os melhores emails, p\u00e1ginas e an\u00fancios voc\u00ea pode disponibilizar essa m\u00e1quina para os seus representantes revenderem o seu produto e inclusive ganharem comiss\u00e3o de maneira automatizada.<\/p>\n<p>&nbsp;<\/p>\n<h2>Leads e clientes<\/h2>\n<p>Oferecemos gerenciamento completo dos seus leads, com op\u00e7\u00e3o de Nome, Email, Telefone e Data de Nascimento, com a op\u00e7\u00e3o para troca de m\u00e1quina (lista) e a partir de qual email, em sua sequ\u00eancia de email (autoresponder), o lead importado vai iniciar.<\/p>\n<p>&nbsp;<\/p>\n<p>Leads ou Prospects s\u00e3o clientes em potenciais para o seu neg\u00f3cio. Ao inv\u00e9s de tentar anunciar para todo mundo, \u00e9 mais interessante separar os curiosos daqueles que realmente podem se tornar clientes, s\u00e3o esses que chamamos de leads. Possibilidade de importar uma lista de email (inclusive com o nome do lead) e saber quais deste email s\u00e3o v\u00e1lidos, ou est\u00e3o com algum problema, ou at\u00e9 mesmo se eles ainda existem, ou seja, fazer uma limpeza autom\u00e1tica da sua lista de clientes com apenas um clique.<\/p>\n<p>&nbsp;<\/p>\n<h2>Produtos e infoprodutos<\/h2>\n<p>Integra\u00e7\u00e3o de pagamento com (Marketing de Afiliados e Pagamentos), Central de Treinamentos (Produtos\/Cursos), Gerenciamento de Alunos, Personaliza\u00e7\u00e3o de \u00c1rea de Membros e ainda com possibilidade de copiar um modelo de neg\u00f3cios (emails, p\u00e1ginas, recompensa, produtos, etc).<\/p>\n<p>&nbsp;<\/p>\n<p>Tenha uma Central de Membros completa e integrada aos principais m\u00e9todos de pagamento (Hotmart, Pagseguro, Paypal, MOIP, USAEpay) onde voc\u00ea pode oferecer o seu conte\u00fado em qualquer formato (v\u00eddeo, texto, \u00e1udio, slides, arquivos, etc) com gerenciamento de alunos, personaliza\u00e7\u00e3o completa das cores e imagens; relat\u00f3rio de acesso, coment\u00e1rios e anota\u00e7\u00f5es para tirar as d\u00favidas dos seu clientes; agendamento de consultoria atrav\u00e9s do Skype com possibilidade de avalia\u00e7\u00e3o, indice de qualidade e coment\u00e1rios.<\/p>\n<p>&nbsp;<\/p>\n<p>Sa\u00ed\u00adda autom\u00e1tica de lead para cliente: ap\u00f3s comprar o produto o lead \u00e9 automaticamente removida da m\u00e1quina de vendas e direcionado a m\u00e1quina de clientes.<\/p>\n<p>&nbsp;<\/p>\n<h2>Chatbot<\/h2>\n<p>Com o chatbot da lead lovers, voc\u00ea produz fluxos personalizados de captura e convers\u00e3o e lucra sem limita\u00e7\u00f5es de hor\u00e1rios. Al\u00e9m disso, atende m\u00faltiplos visitantes ao mesmo tempo, multiplicando suas chances de vendas incrivelmente.<\/p>\n<p>&nbsp;<\/p>\n<h2>Teste por 7 dias gr\u00e1tis<\/h2>\n<p>O Lead Lovers M\u00e1quina de Leads oferece 7 dias de assinatura gratuita (o primeiro m\u00eas) para novos assinantes, benef\u00ed\u00adcio que pode ser utilizado uma vez. Voc\u00ea informa os dados do seu cart\u00e3o de cr\u00e9dito no ato da contrata\u00e7\u00e3o da ferramenta e caso n\u00e3o fique satisfeito, basta cancelar o servi\u00e7o em at\u00e9 7 dias ap\u00f3s a data da contrata\u00e7\u00e3o.<\/p>\n<p>&nbsp;<\/p>\n<p>Veja agora as <a href=\"https:\/\/www.agencia7.com\/maquina-de-vendas\/ferramentas-lead-lovers\/\">ferramentas que est\u00e3o inclusas<\/a>.<\/p>\n","protected":false},"excerpt":{"rendered":"<p>Conhe\u00e7a a incr\u00ed\u00advel Leadlovers M\u00e1quina de Leads! &nbsp; &nbsp; A \u00fanica plataforma &#8220;Tudo em um&#8221; para deixar voc\u00ea livre para pensar em neg\u00f3cios, n\u00e3o em ferramentas. &nbsp; Como vender pela internet da maneira certa? Use a Lead Lovers M\u00e1quina de Leads. &nbsp; Aproveite o poder da internet e da automa\u00e7\u00e3o para atrair e converter visitantes [&hellip;]<\/p>\n","protected":false},"author":1,"featured_media":0,"parent":0,"menu_order":0,"comment_status":"closed","ping_status":"open","template":"","meta":{"site-sidebar-layout":"default","site-content-layout":"default","ast-site-content-layout":"default","site-content-style":"default","site-sidebar-style":"default","ast-global-header-display":"","ast-banner-title-visibility":"","ast-main-header-display":"","ast-hfb-above-header-display":"","ast-hfb-below-header-display":"","ast-hfb-mobile-header-display":"","site-post-title":"","ast-breadcrumbs-content":"","ast-featured-img":"","footer-sml-layout":"","ast-disable-related-posts":"","theme-transparent-header-meta":"default","adv-header-id-meta":"","stick-header-meta":"","header-above-stick-meta":"","header-main-stick-meta":"","header-below-stick-meta":"","astra-migrate-meta-layouts":"default","ast-page-background-enabled":"default","ast-page-background-meta":{"desktop":{"background-color":"var(--ast-global-color-4)","background-image":"","background-repeat":"repeat","background-position":"center center","background-size":"auto","background-attachment":"scroll","background-type":"","background-media":"","overlay-type":"","overlay-color":"","overlay-opacity":"","overlay-gradient":""},"tablet":{"background-color":"","background-image":"","background-repeat":"repeat","background-position":"center center","background-size":"auto","background-attachment":"scroll","background-type":"","background-media":"","overlay-type":"","overlay-color":"","overlay-opacity":"","overlay-gradient":""},"mobile":{"background-color":"","background-image":"","background-repeat":"repeat","background-position":"center center","background-size":"auto","background-attachment":"scroll","background-type":"","background-media":"","overlay-type":"","overlay-color":"","overlay-opacity":"","overlay-gradient":""}},"ast-content-background-meta":{"desktop":{"background-color":"var(--ast-global-color-5)","background-image":"","background-repeat":"repeat","background-position":"center center","background-size":"auto","background-attachment":"scroll","background-type":"","background-media":"","overlay-type":"","overlay-color":"","overlay-opacity":"","overlay-gradient":""},"tablet":{"background-color":"var(--ast-global-color-5)","background-image":"","background-repeat":"repeat","background-position":"center center","background-size":"auto","background-attachment":"scroll","background-type":"","background-media":"","overlay-type":"","overlay-color":"","overlay-opacity":"","overlay-gradient":""},"mobile":{"background-color":"var(--ast-global-color-5)","background-image":"","background-repeat":"repeat","background-position":"center center","background-size":"auto","background-attachment":"scroll","background-type":"","background-media":"","overlay-type":"","overlay-color":"","overlay-opacity":"","overlay-gradient":""}},"footnotes":""},"class_list":["post-2","page","type-page","status-publish","hentry"],"yoast_head":"<!-- This site is optimized with the Yoast SEO plugin v27.0 - https:\/\/yoast.com\/product\/yoast-seo-wordpress\/ -->\n<title>O que \u00e9 Leadlovers M\u00e1quina de Leads? | Leadlovers M\u00e1quina de Leads<\/title>\n<meta name=\"description\" content=\"Conhe\u00e7a a incr\u00edvel\u00a0Leadlovers\u00a0M\u00e1quina de Leads. Uma m\u00e1quina de vendas online feita para deixar as suas vendas no piloto autom\u00e1tico e aumentar o seu lucro.\" \/>\n<meta name=\"robots\" content=\"index, follow, max-snippet:-1, max-image-preview:large, max-video-preview:-1\" \/>\n<link rel=\"canonical\" href=\"https:\/\/www.agencia7.com\/maquina-de-vendas\/\" \/>\n<meta property=\"og:locale\" content=\"pt_BR\" \/>\n<meta property=\"og:type\" content=\"article\" \/>\n<meta property=\"og:title\" content=\"O que \u00e9 Lead Lovers M\u00e1quina de Vendas?\" \/>\n<meta property=\"og:description\" content=\"Conhe\u00e7a a incr\u00edvel\u00a0Leadlovers\u00a0M\u00e1quina de Leads. Uma m\u00e1quina de vendas online feita para deixar as suas vendas no piloto autom\u00e1tico e aumentar o seu lucro.\" \/>\n<meta property=\"og:url\" content=\"https:\/\/www.agencia7.com\/maquina-de-vendas\/\" \/>\n<meta property=\"og:site_name\" content=\"Leadlovers M\u00e1quina de Leads\" \/>\n<meta property=\"article:modified_time\" content=\"2023-08-01T13:12:13+00:00\" \/>\n<meta property=\"og:image\" content=\"https:\/\/www.agencia7.com\/maquina-de-vendas\/wp-content\/uploads\/2016\/04\/lead-lovers-facebook.png\" \/>\n\t<meta property=\"og:image:width\" content=\"1200\" \/>\n\t<meta property=\"og:image:height\" content=\"628\" \/>\n\t<meta property=\"og:image:type\" content=\"image\/png\" \/>\n<meta name=\"twitter:label1\" content=\"Est. tempo de leitura\" \/>\n\t<meta name=\"twitter:data1\" content=\"4 minutos\" \/>\n<script type=\"application\/ld+json\" class=\"yoast-schema-graph\">{\"@context\":\"https:\/\/schema.org\",\"@graph\":[{\"@type\":\"WebPage\",\"@id\":\"https:\/\/www.agencia7.com\/maquina-de-vendas\/\",\"url\":\"https:\/\/www.agencia7.com\/maquina-de-vendas\/\",\"name\":\"O que \u00e9 Leadlovers M\u00e1quina de Leads? | Leadlovers M\u00e1quina de Leads\",\"isPartOf\":{\"@id\":\"https:\/\/www.agencia7.com\/maquina-de-vendas\/#website\"},\"primaryImageOfPage\":{\"@id\":\"https:\/\/www.agencia7.com\/maquina-de-vendas\/#primaryimage\"},\"image\":{\"@id\":\"https:\/\/www.agencia7.com\/maquina-de-vendas\/#primaryimage\"},\"thumbnailUrl\":\"https:\/\/www.agencia7.com\/maquina-de-vendas\/wp-content\/uploads\/2020\/03\/capa-lead-lovers-600.jpg\",\"datePublished\":\"2016-04-11T04:13:53+00:00\",\"dateModified\":\"2023-08-01T13:12:13+00:00\",\"description\":\"Conhe\u00e7a a incr\u00edvel\u00a0Leadlovers\u00a0M\u00e1quina de Leads. Uma m\u00e1quina de vendas online feita para deixar as suas vendas no piloto autom\u00e1tico e aumentar o seu lucro.\",\"breadcrumb\":{\"@id\":\"https:\/\/www.agencia7.com\/maquina-de-vendas\/#breadcrumb\"},\"inLanguage\":\"pt-BR\",\"potentialAction\":[{\"@type\":\"ReadAction\",\"target\":[\"https:\/\/www.agencia7.com\/maquina-de-vendas\/\"]}]},{\"@type\":\"ImageObject\",\"inLanguage\":\"pt-BR\",\"@id\":\"https:\/\/www.agencia7.com\/maquina-de-vendas\/#primaryimage\",\"url\":\"https:\/\/www.agencia7.com\/maquina-de-vendas\/wp-content\/uploads\/2020\/03\/capa-lead-lovers-600.jpg\",\"contentUrl\":\"https:\/\/www.agencia7.com\/maquina-de-vendas\/wp-content\/uploads\/2020\/03\/capa-lead-lovers-600.jpg\",\"width\":600,\"height\":377},{\"@type\":\"BreadcrumbList\",\"@id\":\"https:\/\/www.agencia7.com\/maquina-de-vendas\/#breadcrumb\",\"itemListElement\":[{\"@type\":\"ListItem\",\"position\":1,\"name\":\"In\u00edcio\",\"item\":\"https:\/\/www.agencia7.com\/maquina-de-vendas\/\"},{\"@type\":\"ListItem\",\"position\":2,\"name\":\"O que \u00e9 Leadlovers M\u00e1quina de Leads?\"}]},{\"@type\":\"WebSite\",\"@id\":\"https:\/\/www.agencia7.com\/maquina-de-vendas\/#website\",\"url\":\"https:\/\/www.agencia7.com\/maquina-de-vendas\/\",\"name\":\"Leadlovers M\u00e1quina de Leads\",\"description\":\"Use o leadlovers m\u00e1quina de leads na sua estrat\u00e9gia de vendas\",\"potentialAction\":[{\"@type\":\"SearchAction\",\"target\":{\"@type\":\"EntryPoint\",\"urlTemplate\":\"https:\/\/www.agencia7.com\/maquina-de-vendas\/?s={search_term_string}\"},\"query-input\":{\"@type\":\"PropertyValueSpecification\",\"valueRequired\":true,\"valueName\":\"search_term_string\"}}],\"inLanguage\":\"pt-BR\"}]}<\/script>\n<!-- \/ Yoast SEO plugin. -->","yoast_head_json":{"title":"O que \u00e9 Leadlovers M\u00e1quina de Leads? | Leadlovers M\u00e1quina de Leads","description":"Conhe\u00e7a a incr\u00edvel\u00a0Leadlovers\u00a0M\u00e1quina de Leads. Uma m\u00e1quina de vendas online feita para deixar as suas vendas no piloto autom\u00e1tico e aumentar o seu lucro.","robots":{"index":"index","follow":"follow","max-snippet":"max-snippet:-1","max-image-preview":"max-image-preview:large","max-video-preview":"max-video-preview:-1"},"canonical":"https:\/\/www.agencia7.com\/maquina-de-vendas\/","og_locale":"pt_BR","og_type":"article","og_title":"O que \u00e9 Lead Lovers M\u00e1quina de Vendas?","og_description":"Conhe\u00e7a a incr\u00edvel\u00a0Leadlovers\u00a0M\u00e1quina de Leads. Uma m\u00e1quina de vendas online feita para deixar as suas vendas no piloto autom\u00e1tico e aumentar o seu lucro.","og_url":"https:\/\/www.agencia7.com\/maquina-de-vendas\/","og_site_name":"Leadlovers M\u00e1quina de Leads","article_modified_time":"2023-08-01T13:12:13+00:00","og_image":[{"width":1200,"height":628,"url":"https:\/\/www.agencia7.com\/maquina-de-vendas\/wp-content\/uploads\/2016\/04\/lead-lovers-facebook.png","type":"image\/png"}],"twitter_misc":{"Est. tempo de leitura":"4 minutos"},"schema":{"@context":"https:\/\/schema.org","@graph":[{"@type":"WebPage","@id":"https:\/\/www.agencia7.com\/maquina-de-vendas\/","url":"https:\/\/www.agencia7.com\/maquina-de-vendas\/","name":"O que \u00e9 Leadlovers M\u00e1quina de Leads? | Leadlovers M\u00e1quina de Leads","isPartOf":{"@id":"https:\/\/www.agencia7.com\/maquina-de-vendas\/#website"},"primaryImageOfPage":{"@id":"https:\/\/www.agencia7.com\/maquina-de-vendas\/#primaryimage"},"image":{"@id":"https:\/\/www.agencia7.com\/maquina-de-vendas\/#primaryimage"},"thumbnailUrl":"https:\/\/www.agencia7.com\/maquina-de-vendas\/wp-content\/uploads\/2020\/03\/capa-lead-lovers-600.jpg","datePublished":"2016-04-11T04:13:53+00:00","dateModified":"2023-08-01T13:12:13+00:00","description":"Conhe\u00e7a a incr\u00edvel\u00a0Leadlovers\u00a0M\u00e1quina de Leads. Uma m\u00e1quina de vendas online feita para deixar as suas vendas no piloto autom\u00e1tico e aumentar o seu lucro.","breadcrumb":{"@id":"https:\/\/www.agencia7.com\/maquina-de-vendas\/#breadcrumb"},"inLanguage":"pt-BR","potentialAction":[{"@type":"ReadAction","target":["https:\/\/www.agencia7.com\/maquina-de-vendas\/"]}]},{"@type":"ImageObject","inLanguage":"pt-BR","@id":"https:\/\/www.agencia7.com\/maquina-de-vendas\/#primaryimage","url":"https:\/\/www.agencia7.com\/maquina-de-vendas\/wp-content\/uploads\/2020\/03\/capa-lead-lovers-600.jpg","contentUrl":"https:\/\/www.agencia7.com\/maquina-de-vendas\/wp-content\/uploads\/2020\/03\/capa-lead-lovers-600.jpg","width":600,"height":377},{"@type":"BreadcrumbList","@id":"https:\/\/www.agencia7.com\/maquina-de-vendas\/#breadcrumb","itemListElement":[{"@type":"ListItem","position":1,"name":"In\u00edcio","item":"https:\/\/www.agencia7.com\/maquina-de-vendas\/"},{"@type":"ListItem","position":2,"name":"O que \u00e9 Leadlovers M\u00e1quina de Leads?"}]},{"@type":"WebSite","@id":"https:\/\/www.agencia7.com\/maquina-de-vendas\/#website","url":"https:\/\/www.agencia7.com\/maquina-de-vendas\/","name":"Leadlovers M\u00e1quina de Leads","description":"Use o leadlovers m\u00e1quina de leads na sua estrat\u00e9gia de vendas","potentialAction":[{"@type":"SearchAction","target":{"@type":"EntryPoint","urlTemplate":"https:\/\/www.agencia7.com\/maquina-de-vendas\/?s={search_term_string}"},"query-input":{"@type":"PropertyValueSpecification","valueRequired":true,"valueName":"search_term_string"}}],"inLanguage":"pt-BR"}]}},"_links":{"self":[{"href":"https:\/\/www.agencia7.com\/maquina-de-vendas\/wp-json\/wp\/v2\/pages\/2","targetHints":{"allow":["GET"]}}],"collection":[{"href":"https:\/\/www.agencia7.com\/maquina-de-vendas\/wp-json\/wp\/v2\/pages"}],"about":[{"href":"https:\/\/www.agencia7.com\/maquina-de-vendas\/wp-json\/wp\/v2\/types\/page"}],"author":[{"embeddable":true,"href":"https:\/\/www.agencia7.com\/maquina-de-vendas\/wp-json\/wp\/v2\/users\/1"}],"replies":[{"embeddable":true,"href":"https:\/\/www.agencia7.com\/maquina-de-vendas\/wp-json\/wp\/v2\/comments?post=2"}],"version-history":[{"count":22,"href":"https:\/\/www.agencia7.com\/maquina-de-vendas\/wp-json\/wp\/v2\/pages\/2\/revisions"}],"predecessor-version":[{"id":1803,"href":"https:\/\/www.agencia7.com\/maquina-de-vendas\/wp-json\/wp\/v2\/pages\/2\/revisions\/1803"}],"wp:attachment":[{"href":"https:\/\/www.agencia7.com\/maquina-de-vendas\/wp-json\/wp\/v2\/media?parent=2"}],"curies":[{"name":"wp","href":"https:\/\/api.w.org\/{rel}","templated":true}]}}