{"id":5,"date":"2016-04-11T11:45:28","date_gmt":"2016-04-11T14:45:28","guid":{"rendered":"http:\/\/www.agencia7.com\/maquina-de-vendas\/?page_id=5"},"modified":"2022-07-01T18:45:55","modified_gmt":"2022-07-01T21:45:55","slug":"ferramentas-lead-lovers","status":"publish","type":"page","link":"https:\/\/www.agencia7.com\/maquina-de-vendas\/ferramentas-lead-lovers\/","title":{"rendered":"Ferramentas Lead Lovers"},"content":{"rendered":"<p>Veja todas as ferramentas lead lovers.<\/p>\n<h2><img loading=\"lazy\" decoding=\"async\" class=\"aligncenter wp-image-30 size-large\" src=\"https:\/\/agencia7.com\/maquina-de-vendas\/wp-content\/uploads\/2016\/04\/DigitalToolkit-1024x576.jpg\" alt=\"Ferramentas Lead Lovers\" width=\"648\" height=\"365\" srcset=\"https:\/\/www.agencia7.com\/maquina-de-vendas\/wp-content\/uploads\/2016\/04\/DigitalToolkit-1024x576.jpg 1024w, https:\/\/www.agencia7.com\/maquina-de-vendas\/wp-content\/uploads\/2016\/04\/DigitalToolkit-300x169.jpg 300w, https:\/\/www.agencia7.com\/maquina-de-vendas\/wp-content\/uploads\/2016\/04\/DigitalToolkit-768x432.jpg 768w, https:\/\/www.agencia7.com\/maquina-de-vendas\/wp-content\/uploads\/2016\/04\/DigitalToolkit.jpg 1920w\" sizes=\"auto, (max-width: 648px) 100vw, 648px\" \/><\/h2>\n<p>&nbsp;<\/p>\n<h2>Sequ\u00eancia de e-mails<\/h2>\n<p>Cria os e-mails, ordena\u00a0 sua escolha, o disparo \u00e9 autom\u00e1tico e obedece o tempo que voc\u00ea programar.<\/p>\n<p>&nbsp;<\/p>\n<h2>Crie p\u00e1ginas na web<\/h2>\n<p>Captura de e-mails, recompensa, hangout, download e tudo isso integrado com o seu dom\u00ednio.<\/p>\n<p>&nbsp;<\/p>\n<h2>Modelos prontos<\/h2>\n<p>M\u00e1quinas de produtos do Hotmart com toda a sequ\u00eancia de e-mails e p\u00e1ginas prontas pra voc\u00ea usar.<\/p>\n<p>&nbsp;<\/p>\n<h2>Crie agora seu infoproduto<\/h2>\n<p>Cria \u00e1rea de login\/senha para compradores de suas v\u00ed\u00addeo aulas e e-books, com libera\u00e7\u00e3o em m\u00f3dulos.<\/p>\n<p>&nbsp;<\/p>\n<h2>M\u00e1quina de Instagram<\/h2>\n<p>J\u00e1 pensou em acabar com o clique no link da bio ou com o arraste para cima e ainda aumentar a taxa de engajamento do seu instagram e realizar mais vendas?<\/p>\n<p>&nbsp;<\/p>\n<p>Voc\u00ea precisa conhecer a <a title=\"M\u00e1quina de Instagram Leadlovers\" href=\"https:\/\/www.agencia7.com\/maquina-de-vendas\/maquina-instagram-leadlovers\/\" target=\"_blank\" rel=\"noopener\">m\u00e1quina de instagram do leadlovers<\/a>.<\/p>\n<p>&nbsp;<\/p>\n<h2>Treinamentos online<\/h2>\n<p>Vire um mestre na arte do marketing digital assistindo as aulas online de nossos parceiros, sem custo!<\/p>\n<p>&nbsp;<\/p>\n<h2>Teste a vontade<\/h2>\n<p>Voc\u00ea pode fazer testes com as p\u00e1ginas de uma m\u00e1quina, como tamb\u00e9m pode duplicar e testar uma m\u00e1quina inteira!<\/p>\n<p>&nbsp;<\/p>\n<h2>Gerencie seus leads<\/h2>\n<p>\u00c9 incrivelmente f\u00e1cil gerenciar todos os contatos que entram em cada uma de suas m\u00e1quinas, surpreenda-se!<\/p>\n<p>&nbsp;<\/p>\n<h2>Avalie sua estrat\u00e9gia<\/h2>\n<p>Sua m\u00e1quina lhe fornecer\u00e1 dados precisos para avaliar sua estrat\u00e1gia. Se precisar de ajuda, conte conosco!<\/p>\n<p>&nbsp;<\/p>\n<h2>EAD (\u00c1rea de Membros)<\/h2>\n<p>Ferramenta usada em sua maioria por info-produtores que criam suas v\u00ed\u00addeo aulas e publicam com seguran\u00e7a dentro do leadlovers. O numero de clientes (alunos) que o produtor pode armazenar \u00e9 equivalente ao plano de leads contatado, por exemplo, ele assina o plano profissional tem direito a 5 mil leads, consequentemente, ter\u00e1 esse espa\u00e7o para armazenar seus leads e clientes. Com op\u00e7\u00e3o para libera\u00e7\u00e3o de aulas em datas espec\u00edficas ou ap\u00f3s determinado per\u00edodo, modera\u00e7\u00e3o de coment\u00e1rios, notifica\u00e7\u00f5es por email, anexo de arquivos e gerar certificado ao final do curso.<\/p>\n<p>&nbsp;<\/p>\n<h2>Gatilhos inteligentes<\/h2>\n<p>Funcionalidade para gest\u00e3o e cria\u00e7\u00e3o de a\u00e7\u00f5es autom\u00e1ticas nos funis e p\u00e1ginas, a partir de tags ou automa\u00e7\u00f5es for\u00e7adas (sim ou n\u00e3o). Possui tamb\u00e9m a fun\u00e7\u00e3o para coleta de dados dos links mais clicados e alinhado ao Lead Score, voc\u00ea ganha um BI para tomada de decis\u00e3o automatizada.<\/p>\n<p>&nbsp;<\/p>\n<h2>Automa\u00e7\u00e3o Telegram<\/h2>\n<p>Torne o Telegram um canal de oportunidades de vendas atrav\u00e9s de mensagens autom\u00e1ticas e personalizadas.<\/p>\n<p>&nbsp;<\/p>\n<h2>Chatbot<\/h2>\n<p>Ganhe agilidade com as vendas e escale seu neg\u00f3cio. Com o chatbot, voc\u00ea conquista novos clientes e vende 24 horas por dia, 7 dias por semana.<\/p>\n<p>&nbsp;<\/p>\n<h2>Gest\u00e3o de Relacionamento &#8211; CRM<\/h2>\n<p>Tenha controle do ciclo de vendas do seu neg\u00f3cio do in\u00edcio ao fim com o CRM da leadlovers. Distribua os contatos entre seu time de vendas automaticamente e alcance resultados surpreendentes com a facilidade de um sistema de vendas otimizado e integrado ao seu marketing.<br \/>\nAgora veja na pr\u00e1tica <a href=\"https:\/\/www.agencia7.com\/maquina-de-vendas\/demonstracao-lead-lovers\/\">como usar o Lead Lovers<\/a>.<\/p>\n","protected":false},"excerpt":{"rendered":"<p>Veja todas as ferramentas lead lovers. &nbsp; Sequ\u00eancia de e-mails Cria os e-mails, ordena\u00a0 sua escolha, o disparo \u00e9 autom\u00e1tico e obedece o tempo que voc\u00ea programar. &nbsp; Crie p\u00e1ginas na web Captura de e-mails, recompensa, hangout, download e tudo isso integrado com o seu dom\u00ednio. &nbsp; Modelos prontos M\u00e1quinas de produtos do Hotmart com [&hellip;]<\/p>\n","protected":false},"author":1,"featured_media":0,"parent":0,"menu_order":0,"comment_status":"closed","ping_status":"closed","template":"","meta":{"site-sidebar-layout":"default","site-content-layout":"","ast-site-content-layout":"default","site-content-style":"default","site-sidebar-style":"default","ast-global-header-display":"","ast-banner-title-visibility":"","ast-main-header-display":"","ast-hfb-above-header-display":"","ast-hfb-below-header-display":"","ast-hfb-mobile-header-display":"","site-post-title":"","ast-breadcrumbs-content":"","ast-featured-img":"","footer-sml-layout":"","ast-disable-related-posts":"","theme-transparent-header-meta":"","adv-header-id-meta":"","stick-header-meta":"","header-above-stick-meta":"","header-main-stick-meta":"","header-below-stick-meta":"","astra-migrate-meta-layouts":"default","ast-page-background-enabled":"default","ast-page-background-meta":{"desktop":{"background-color":"var(--ast-global-color-4)","background-image":"","background-repeat":"repeat","background-position":"center center","background-size":"auto","background-attachment":"scroll","background-type":"","background-media":"","overlay-type":"","overlay-color":"","overlay-opacity":"","overlay-gradient":""},"tablet":{"background-color":"","background-image":"","background-repeat":"repeat","background-position":"center center","background-size":"auto","background-attachment":"scroll","background-type":"","background-media":"","overlay-type":"","overlay-color":"","overlay-opacity":"","overlay-gradient":""},"mobile":{"background-color":"","background-image":"","background-repeat":"repeat","background-position":"center center","background-size":"auto","background-attachment":"scroll","background-type":"","background-media":"","overlay-type":"","overlay-color":"","overlay-opacity":"","overlay-gradient":""}},"ast-content-background-meta":{"desktop":{"background-color":"var(--ast-global-color-5)","background-image":"","background-repeat":"repeat","background-position":"center center","background-size":"auto","background-attachment":"scroll","background-type":"","background-media":"","overlay-type":"","overlay-color":"","overlay-opacity":"","overlay-gradient":""},"tablet":{"background-color":"var(--ast-global-color-5)","background-image":"","background-repeat":"repeat","background-position":"center center","background-size":"auto","background-attachment":"scroll","background-type":"","background-media":"","overlay-type":"","overlay-color":"","overlay-opacity":"","overlay-gradient":""},"mobile":{"background-color":"var(--ast-global-color-5)","background-image":"","background-repeat":"repeat","background-position":"center center","background-size":"auto","background-attachment":"scroll","background-type":"","background-media":"","overlay-type":"","overlay-color":"","overlay-opacity":"","overlay-gradient":""}},"footnotes":""},"class_list":["post-5","page","type-page","status-publish","hentry"],"yoast_head":"<!-- This site is optimized with the Yoast SEO plugin v27.0 - https:\/\/yoast.com\/product\/yoast-seo-wordpress\/ -->\n<title>Ferramentas Lead Lovers | Leadlovers M\u00e1quina de Leads<\/title>\n<meta name=\"description\" content=\"Lista de ferramentas lead lovers: sequ\u00eancia de e-mails, p\u00e1ginas na web,\u00a0modelos prontos, \u00e1rea de membros, automa\u00e7\u00e3o instagram e telegram.\" \/>\n<meta name=\"robots\" content=\"index, follow, max-snippet:-1, max-image-preview:large, max-video-preview:-1\" \/>\n<link rel=\"canonical\" href=\"https:\/\/www.agencia7.com\/maquina-de-vendas\/ferramentas-lead-lovers\/\" \/>\n<meta property=\"og:locale\" content=\"pt_BR\" \/>\n<meta property=\"og:type\" content=\"article\" \/>\n<meta property=\"og:title\" content=\"Ferramentas Lead Lovers\" \/>\n<meta property=\"og:description\" content=\"Lista de ferramentas lead lovers: sequ\u00c3\u00aancia de e-mails, p\u00c3\u00a1ginas na web, modelos prontos, Notifica\u00c3\u00a7\u00c3\u00b5es via Facebook, \u00c3\u00a1rea de membros.\" \/>\n<meta property=\"og:url\" content=\"https:\/\/www.agencia7.com\/maquina-de-vendas\/ferramentas-lead-lovers\/\" \/>\n<meta property=\"og:site_name\" content=\"Leadlovers M\u00e1quina de Leads\" \/>\n<meta property=\"article:modified_time\" content=\"2022-07-01T21:45:55+00:00\" \/>\n<meta property=\"og:image\" content=\"https:\/\/www.agencia7.com\/maquina-de-vendas\/wp-content\/uploads\/2016\/04\/lead-lovers-facebook.png\" \/>\n\t<meta property=\"og:image:width\" content=\"1200\" \/>\n\t<meta property=\"og:image:height\" content=\"628\" \/>\n\t<meta property=\"og:image:type\" content=\"image\/png\" \/>\n<meta name=\"twitter:label1\" content=\"Est. tempo de leitura\" \/>\n\t<meta name=\"twitter:data1\" content=\"3 minutos\" \/>\n<script type=\"application\/ld+json\" class=\"yoast-schema-graph\">{\"@context\":\"https:\/\/schema.org\",\"@graph\":[{\"@type\":\"WebPage\",\"@id\":\"https:\/\/www.agencia7.com\/maquina-de-vendas\/ferramentas-lead-lovers\/\",\"url\":\"https:\/\/www.agencia7.com\/maquina-de-vendas\/ferramentas-lead-lovers\/\",\"name\":\"Ferramentas Lead Lovers | Leadlovers M\u00e1quina de Leads\",\"isPartOf\":{\"@id\":\"https:\/\/www.agencia7.com\/maquina-de-vendas\/#website\"},\"primaryImageOfPage\":{\"@id\":\"https:\/\/www.agencia7.com\/maquina-de-vendas\/ferramentas-lead-lovers\/#primaryimage\"},\"image\":{\"@id\":\"https:\/\/www.agencia7.com\/maquina-de-vendas\/ferramentas-lead-lovers\/#primaryimage\"},\"thumbnailUrl\":\"https:\/\/agencia7.com\/maquina-de-vendas\/wp-content\/uploads\/2016\/04\/DigitalToolkit-1024x576.jpg\",\"datePublished\":\"2016-04-11T14:45:28+00:00\",\"dateModified\":\"2022-07-01T21:45:55+00:00\",\"description\":\"Lista de ferramentas lead lovers: sequ\u00eancia de e-mails, p\u00e1ginas na web,\u00a0modelos prontos, \u00e1rea de membros, automa\u00e7\u00e3o instagram e telegram.\",\"breadcrumb\":{\"@id\":\"https:\/\/www.agencia7.com\/maquina-de-vendas\/ferramentas-lead-lovers\/#breadcrumb\"},\"inLanguage\":\"pt-BR\",\"potentialAction\":[{\"@type\":\"ReadAction\",\"target\":[\"https:\/\/www.agencia7.com\/maquina-de-vendas\/ferramentas-lead-lovers\/\"]}]},{\"@type\":\"ImageObject\",\"inLanguage\":\"pt-BR\",\"@id\":\"https:\/\/www.agencia7.com\/maquina-de-vendas\/ferramentas-lead-lovers\/#primaryimage\",\"url\":\"https:\/\/agencia7.com\/maquina-de-vendas\/wp-content\/uploads\/2016\/04\/DigitalToolkit-1024x576.jpg\",\"contentUrl\":\"https:\/\/agencia7.com\/maquina-de-vendas\/wp-content\/uploads\/2016\/04\/DigitalToolkit-1024x576.jpg\"},{\"@type\":\"BreadcrumbList\",\"@id\":\"https:\/\/www.agencia7.com\/maquina-de-vendas\/ferramentas-lead-lovers\/#breadcrumb\",\"itemListElement\":[{\"@type\":\"ListItem\",\"position\":1,\"name\":\"In\u00edcio\",\"item\":\"https:\/\/www.agencia7.com\/maquina-de-vendas\/\"},{\"@type\":\"ListItem\",\"position\":2,\"name\":\"Ferramentas Lead Lovers\"}]},{\"@type\":\"WebSite\",\"@id\":\"https:\/\/www.agencia7.com\/maquina-de-vendas\/#website\",\"url\":\"https:\/\/www.agencia7.com\/maquina-de-vendas\/\",\"name\":\"Leadlovers M\u00e1quina de Leads\",\"description\":\"Use o leadlovers m\u00e1quina de leads na sua estrat\u00e9gia de vendas\",\"potentialAction\":[{\"@type\":\"SearchAction\",\"target\":{\"@type\":\"EntryPoint\",\"urlTemplate\":\"https:\/\/www.agencia7.com\/maquina-de-vendas\/?s={search_term_string}\"},\"query-input\":{\"@type\":\"PropertyValueSpecification\",\"valueRequired\":true,\"valueName\":\"search_term_string\"}}],\"inLanguage\":\"pt-BR\"}]}<\/script>\n<!-- \/ Yoast SEO plugin. -->","yoast_head_json":{"title":"Ferramentas Lead Lovers | Leadlovers M\u00e1quina de Leads","description":"Lista de ferramentas lead lovers: sequ\u00eancia de e-mails, p\u00e1ginas na web,\u00a0modelos prontos, \u00e1rea de membros, automa\u00e7\u00e3o instagram e telegram.","robots":{"index":"index","follow":"follow","max-snippet":"max-snippet:-1","max-image-preview":"max-image-preview:large","max-video-preview":"max-video-preview:-1"},"canonical":"https:\/\/www.agencia7.com\/maquina-de-vendas\/ferramentas-lead-lovers\/","og_locale":"pt_BR","og_type":"article","og_title":"Ferramentas Lead Lovers","og_description":"Lista de ferramentas lead lovers: sequ\u00c3\u00aancia de e-mails, p\u00c3\u00a1ginas na web, modelos prontos, Notifica\u00c3\u00a7\u00c3\u00b5es via Facebook, \u00c3\u00a1rea de membros.","og_url":"https:\/\/www.agencia7.com\/maquina-de-vendas\/ferramentas-lead-lovers\/","og_site_name":"Leadlovers M\u00e1quina de Leads","article_modified_time":"2022-07-01T21:45:55+00:00","og_image":[{"width":1200,"height":628,"url":"https:\/\/www.agencia7.com\/maquina-de-vendas\/wp-content\/uploads\/2016\/04\/lead-lovers-facebook.png","type":"image\/png"}],"twitter_misc":{"Est. tempo de leitura":"3 minutos"},"schema":{"@context":"https:\/\/schema.org","@graph":[{"@type":"WebPage","@id":"https:\/\/www.agencia7.com\/maquina-de-vendas\/ferramentas-lead-lovers\/","url":"https:\/\/www.agencia7.com\/maquina-de-vendas\/ferramentas-lead-lovers\/","name":"Ferramentas Lead Lovers | Leadlovers M\u00e1quina de Leads","isPartOf":{"@id":"https:\/\/www.agencia7.com\/maquina-de-vendas\/#website"},"primaryImageOfPage":{"@id":"https:\/\/www.agencia7.com\/maquina-de-vendas\/ferramentas-lead-lovers\/#primaryimage"},"image":{"@id":"https:\/\/www.agencia7.com\/maquina-de-vendas\/ferramentas-lead-lovers\/#primaryimage"},"thumbnailUrl":"https:\/\/agencia7.com\/maquina-de-vendas\/wp-content\/uploads\/2016\/04\/DigitalToolkit-1024x576.jpg","datePublished":"2016-04-11T14:45:28+00:00","dateModified":"2022-07-01T21:45:55+00:00","description":"Lista de ferramentas lead lovers: sequ\u00eancia de e-mails, p\u00e1ginas na web,\u00a0modelos prontos, \u00e1rea de membros, automa\u00e7\u00e3o instagram e telegram.","breadcrumb":{"@id":"https:\/\/www.agencia7.com\/maquina-de-vendas\/ferramentas-lead-lovers\/#breadcrumb"},"inLanguage":"pt-BR","potentialAction":[{"@type":"ReadAction","target":["https:\/\/www.agencia7.com\/maquina-de-vendas\/ferramentas-lead-lovers\/"]}]},{"@type":"ImageObject","inLanguage":"pt-BR","@id":"https:\/\/www.agencia7.com\/maquina-de-vendas\/ferramentas-lead-lovers\/#primaryimage","url":"https:\/\/agencia7.com\/maquina-de-vendas\/wp-content\/uploads\/2016\/04\/DigitalToolkit-1024x576.jpg","contentUrl":"https:\/\/agencia7.com\/maquina-de-vendas\/wp-content\/uploads\/2016\/04\/DigitalToolkit-1024x576.jpg"},{"@type":"BreadcrumbList","@id":"https:\/\/www.agencia7.com\/maquina-de-vendas\/ferramentas-lead-lovers\/#breadcrumb","itemListElement":[{"@type":"ListItem","position":1,"name":"In\u00edcio","item":"https:\/\/www.agencia7.com\/maquina-de-vendas\/"},{"@type":"ListItem","position":2,"name":"Ferramentas Lead Lovers"}]},{"@type":"WebSite","@id":"https:\/\/www.agencia7.com\/maquina-de-vendas\/#website","url":"https:\/\/www.agencia7.com\/maquina-de-vendas\/","name":"Leadlovers M\u00e1quina de Leads","description":"Use o leadlovers m\u00e1quina de leads na sua estrat\u00e9gia de vendas","potentialAction":[{"@type":"SearchAction","target":{"@type":"EntryPoint","urlTemplate":"https:\/\/www.agencia7.com\/maquina-de-vendas\/?s={search_term_string}"},"query-input":{"@type":"PropertyValueSpecification","valueRequired":true,"valueName":"search_term_string"}}],"inLanguage":"pt-BR"}]}},"_links":{"self":[{"href":"https:\/\/www.agencia7.com\/maquina-de-vendas\/wp-json\/wp\/v2\/pages\/5","targetHints":{"allow":["GET"]}}],"collection":[{"href":"https:\/\/www.agencia7.com\/maquina-de-vendas\/wp-json\/wp\/v2\/pages"}],"about":[{"href":"https:\/\/www.agencia7.com\/maquina-de-vendas\/wp-json\/wp\/v2\/types\/page"}],"author":[{"embeddable":true,"href":"https:\/\/www.agencia7.com\/maquina-de-vendas\/wp-json\/wp\/v2\/users\/1"}],"replies":[{"embeddable":true,"href":"https:\/\/www.agencia7.com\/maquina-de-vendas\/wp-json\/wp\/v2\/comments?post=5"}],"version-history":[{"count":14,"href":"https:\/\/www.agencia7.com\/maquina-de-vendas\/wp-json\/wp\/v2\/pages\/5\/revisions"}],"predecessor-version":[{"id":1110,"href":"https:\/\/www.agencia7.com\/maquina-de-vendas\/wp-json\/wp\/v2\/pages\/5\/revisions\/1110"}],"wp:attachment":[{"href":"https:\/\/www.agencia7.com\/maquina-de-vendas\/wp-json\/wp\/v2\/media?parent=5"}],"curies":[{"name":"wp","href":"https:\/\/api.w.org\/{rel}","templated":true}]}}