{"id":576,"date":"2020-02-19T23:32:53","date_gmt":"2020-02-20T02:32:53","guid":{"rendered":"https:\/\/www.agencia7.com\/maquina-de-vendas\/?page_id=576"},"modified":"2020-03-11T16:25:03","modified_gmt":"2020-03-11T19:25:03","slug":"leadlovers-geracao-de-leads","status":"publish","type":"page","link":"https:\/\/www.agencia7.com\/maquina-de-vendas\/leadlovers-geracao-de-leads\/","title":{"rendered":"Leadlovers Gera\u00e7\u00e3o de Leads"},"content":{"rendered":"<h2>Quer vender seus produtos ou servi\u00e7os na Internet?<\/h2>\n<p>&nbsp;<\/p>\n<p><strong>Assinando<\/strong> uma plataforma de Automa\u00e7\u00e3o de Marketing Digital voc\u00ea pode crescer ou criar do zero o seu neg\u00f3cio digital.<\/p>\n<p>&nbsp;<\/p>\n<p><iframe loading=\"lazy\" src=\"https:\/\/www.youtube.com\/embed\/tmZmjrRB9UY\" width=\"560\" height=\"315\" frameborder=\"0\" allowfullscreen=\"allowfullscreen\"><\/iframe><\/p>\n<p>&nbsp;<\/p>\n<p style=\"text-align: center;\"><a class=\"maxbutton-9 maxbutton maxbutton-ver-os-planos-11-03\" target=\"_blank\" title=\"Ver os planos\" rel=\"noopener\" href=\"https:\/\/www.agencia7.com\/conversoes\/planos-leadlovers.php\"><span class='mb-text'>Ver os planos<\/span><\/a><\/p>\n<p>&nbsp;<\/p>\n<h2>Funcionalidades Integradas<\/h2>\n<p>&nbsp;<\/p>\n<h3>Sequ\u00eancia de Emails<\/h3>\n<p>Envie e-mails ilimitados segmentando os leads que abriam e clicaram nos seus e-mails. Al\u00e9m disso, crie sequ\u00eancias autom\u00e1ticas de relacionamento e descubra o momento ideal de venda.<\/p>\n<p>&nbsp;<\/p>\n<p><img loading=\"lazy\" decoding=\"async\" class=\"aligncenter size-full wp-image-580\" src=\"https:\/\/www.agencia7.com\/maquina-de-vendas\/wp-content\/uploads\/2020\/02\/img-18341-20161207144807.png\" alt=\"Leadlovers Gera\u00e7\u00e3o de Leads\" width=\"553\" height=\"378\" srcset=\"https:\/\/www.agencia7.com\/maquina-de-vendas\/wp-content\/uploads\/2020\/02\/img-18341-20161207144807.png 553w, https:\/\/www.agencia7.com\/maquina-de-vendas\/wp-content\/uploads\/2020\/02\/img-18341-20161207144807-300x205.png 300w, https:\/\/www.agencia7.com\/maquina-de-vendas\/wp-content\/uploads\/2020\/02\/img-18341-20161207144807-320x219.png 320w, https:\/\/www.agencia7.com\/maquina-de-vendas\/wp-content\/uploads\/2020\/02\/img-18341-20161207144807-360x246.png 360w\" sizes=\"auto, (max-width: 553px) 100vw, 553px\" \/><\/p>\n<p>&nbsp;<\/p>\n<h3>Construtor de P\u00e1ginas Web<\/h3>\n<p>Hospede dom\u00ednios ilimitados, crie p\u00e1ginas personalizadas e use Modelos Prontos para gerar leads.<\/p>\n<p>&nbsp;<\/p>\n<p><img loading=\"lazy\" decoding=\"async\" class=\"aligncenter size-full wp-image-579\" src=\"https:\/\/www.agencia7.com\/maquina-de-vendas\/wp-content\/uploads\/2020\/02\/img-18341-20161216100015.png\" alt=\"Leadlovers Gera\u00e7\u00e3o de Leads\" width=\"623\" height=\"378\" srcset=\"https:\/\/www.agencia7.com\/maquina-de-vendas\/wp-content\/uploads\/2020\/02\/img-18341-20161216100015.png 623w, https:\/\/www.agencia7.com\/maquina-de-vendas\/wp-content\/uploads\/2020\/02\/img-18341-20161216100015-300x182.png 300w, https:\/\/www.agencia7.com\/maquina-de-vendas\/wp-content\/uploads\/2020\/02\/img-18341-20161216100015-320x194.png 320w, https:\/\/www.agencia7.com\/maquina-de-vendas\/wp-content\/uploads\/2020\/02\/img-18341-20161216100015-360x218.png 360w\" sizes=\"auto, (max-width: 623px) 100vw, 623px\" \/><\/p>\n<p>&nbsp;<\/p>\n<h3>Construtor de EAD (\u00c1rea de Membros)<\/h3>\n<p>Entregue seu Curso Online usando o construtor de \u00c1rea de Membros e o Integre com marketplaces &#8211; Hotmart, Monetizze e Eduzz &#8211; ou gateways de pagamento &#8211; Pagseguro e Paypal.<\/p>\n<p>&nbsp;<\/p>\n<p><img loading=\"lazy\" decoding=\"async\" class=\"aligncenter size-full wp-image-578\" src=\"https:\/\/www.agencia7.com\/maquina-de-vendas\/wp-content\/uploads\/2020\/02\/img-18341-20161207144114.png\" alt=\"Leadlovers Gera\u00e7\u00e3o de Leads\" width=\"564\" height=\"454\" srcset=\"https:\/\/www.agencia7.com\/maquina-de-vendas\/wp-content\/uploads\/2020\/02\/img-18341-20161207144114.png 564w, https:\/\/www.agencia7.com\/maquina-de-vendas\/wp-content\/uploads\/2020\/02\/img-18341-20161207144114-300x241.png 300w, https:\/\/www.agencia7.com\/maquina-de-vendas\/wp-content\/uploads\/2020\/02\/img-18341-20161207144114-320x258.png 320w, https:\/\/www.agencia7.com\/maquina-de-vendas\/wp-content\/uploads\/2020\/02\/img-18341-20161207144114-360x290.png 360w\" sizes=\"auto, (max-width: 564px) 100vw, 564px\" \/><\/p>\n<p>&nbsp;<\/p>\n<h3>Automa\u00e7\u00e3o Instagram<\/h3>\n<p>Crie automa\u00e7\u00f5es para mensagens diretas personalizadas e para se comunicar com os seus Close Friends. Aproveite tamb\u00e9m parar capturar leads via coment\u00e1rios.<\/p>\n<p>&nbsp;<\/p>\n<h3>Automa\u00e7\u00e3o Telegram<\/h3>\n<p>Torne o Telegram um canal de oportunidades de vendas atrav\u00e9s de mensagens autom\u00e1ticas e personalizadas.<\/p>\n<p>&nbsp;<\/p>\n<h3>Pop-ups<\/h3>\n<p>Crie pop-ups personalizados que podem ser utilizados tanto nas p\u00e1ginas criadas dentro do <strong>leadlovers<\/strong> quanto em p\u00e1ginas externas.<\/p>\n<p>&nbsp;<\/p>\n<h3>CRM de Vendas<\/h3>\n<p>Acompanhe e fa\u00e7a a gest\u00e3o de todas as oportunidades do seu time comercial. Nunca mais esque\u00e7a da fazer um follow-up.<\/p>\n<p>&nbsp;<\/p>\n<h3>Relat\u00f3rio de Entregabilidade<\/h3>\n<p>Tenha certeza que seus e-mails est\u00e3o chegando na caixa de entrada dos seus leads, n\u00e3o na caixa de SPAM.<\/p>\n<p>&nbsp;<\/p>\n<h3>Certifica\u00e7\u00e3o HTTPS Gratuita<\/h3>\n<p>Mostre para os seus leads que o seu site \u00e9 SEGURO desde o primeiro contato. Pensando no sucesso dos nossos clientes, o leadlovers oferece GRATUITAMENTE a certifica\u00e7\u00e3o HTTPS para o dom\u00ednio do seu site.<\/p>\n<p>&nbsp;<\/p>\n<p style=\"text-align: center;\"><a class=\"maxbutton-9 maxbutton maxbutton-ver-os-planos-11-03\" target=\"_blank\" title=\"Ver os planos\" rel=\"noopener\" href=\"https:\/\/www.agencia7.com\/conversoes\/planos-leadlovers.php\"><span class='mb-text'>Ver os planos<\/span><\/a><\/p>\n<p>&nbsp;<\/p>\n<h2>Descubra o Leadlovers<\/h2>\n<p>Assista o v\u00eddeo abaixo para saber mais sobre o leadlovers.<\/p>\n<p><iframe loading=\"lazy\" src=\"https:\/\/www.youtube.com\/embed\/B_wWLB7ZBJ4\" width=\"560\" height=\"315\" frameborder=\"0\" allowfullscreen=\"allowfullscreen\"><\/iframe><\/p>\n<p>&nbsp;<\/p>\n<h2>Intelig\u00eancia Por Tr\u00e1s do Leadlovers<\/h2>\n<p>Assista o v\u00eddeo abaixo para saber como fazer a automa\u00e7\u00e3o de marketing digital com o leadlovers.<\/p>\n<p><iframe loading=\"lazy\" src=\"https:\/\/www.youtube.com\/embed\/Ld-KG6ys6Tg\" width=\"560\" height=\"315\" frameborder=\"0\" allowfullscreen=\"allowfullscreen\"><\/iframe><\/p>\n<p>&nbsp;<\/p>\n<h2>Criando P\u00e1ginas Em Poucos Cliques<\/h2>\n<p>Assista o v\u00eddeo abaixo para saber como criar p\u00e1ginas em minutos com o leadlovers.<\/p>\n<p><iframe loading=\"lazy\" src=\"https:\/\/www.youtube.com\/embed\/o2yprwnvPis\" width=\"560\" height=\"315\" frameborder=\"0\" allowfullscreen=\"allowfullscreen\"><\/iframe><\/p>\n<p>&nbsp;<\/p>\n<h2>EAD &#8211; \u00c1rea de Membros<\/h2>\n<p>Assista o v\u00eddeo abaixo para saber como funciona a \u00e1rea de membros no leadlovers e como usar.<\/p>\n<p><iframe loading=\"lazy\" src=\"https:\/\/www.youtube.com\/embed\/sudm0wMXewY\" width=\"560\" height=\"315\" frameborder=\"0\" allowfullscreen=\"allowfullscreen\"><\/iframe><\/p>\n<p>&nbsp;<\/p>\n<h2>Leadlovers No Meu Neg\u00f3cio<\/h2>\n<p>Assista o v\u00eddeo abaixo para saber como usar o leadlovers em seu neg\u00f3cio, pode ser ele online ou offline.<\/p>\n<p><iframe loading=\"lazy\" src=\"https:\/\/www.youtube.com\/embed\/sdm4NZW1eLA\" width=\"560\" height=\"315\" frameborder=\"0\" allowfullscreen=\"allowfullscreen\"><\/iframe><\/p>\n<p>&nbsp;<\/p>\n<p style=\"text-align: center;\"><a class=\"maxbutton-9 maxbutton maxbutton-ver-os-planos-11-03\" target=\"_blank\" title=\"Ver os planos\" rel=\"noopener\" href=\"https:\/\/www.agencia7.com\/conversoes\/planos-leadlovers.php\"><span class='mb-text'>Ver os planos<\/span><\/a><\/p>\n<p>&nbsp;<\/p>\n<h2>Tire Suas D\u00favidas<\/h2>\n<h3>O que s\u00e3o M\u00e1quinas de Vendas?<\/h3>\n<p>\u00c9 a estrutura que engloba todos os recursos necess\u00e1rios (sequ\u00eancia de e-mails, cria\u00e7\u00e3o de p\u00e1ginas, broadcast, leads) para voc\u00ea criar a sua automa\u00e7\u00e3o de marketing digital. E, al\u00e9m da m\u00e1quina de vendas com sequ\u00eancia de e-mails, tamb\u00e9m existem m\u00e1quinas com sequ\u00eancia de SMS.<\/p>\n<p>&nbsp;<\/p>\n<h3>Possuem integra\u00e7\u00e3o com outras ferramentas\/plataformas?<\/h3>\n<p>Mas \u00e9 claro! As nossas integra\u00e7\u00f5es s\u00e3o feitas atrav\u00e9s do Zapier ou Pluga e tamb\u00e9m disponibilizamos API aberta para quem tem conhecimento t\u00e9cnico e precisa de uma integra\u00e7\u00e3o diferenciada.<\/p>\n<p>&nbsp;<\/p>\n<h3>Quantos dom\u00ednios pode trabalhar numa \u00fanica conta?<\/h3>\n<p>Est\u00e1 preparado(a)? O n\u00famero de dom\u00ednios pr\u00f3prio que voc\u00ea pode usar dentro do <a title=\"leadlovers\" href=\"https:\/\/www.agencia7.com\/maquina-de-vendas\/planos-lead-lovers\/\" target=\"_blank\" rel=\"noopener noreferrer\">leadlovers<\/a> \u00e9 ilimitado basta criar uma m\u00e1quina de vendas para cada um.<\/p>\n<p>&nbsp;<\/p>\n<h3>Quantos leads posso ter nos planos iniciais?<\/h3>\n<p>N\u00e3o importa o plano (mensal, semestral ou anual), a base inicial ser\u00e1 de at\u00e9 5 mil leads e sempre h\u00e1 a possibilidade de fazer um upgrade na sua conta a qualquer momento.<\/p>\n<p>&nbsp;<\/p>\n<h3>Como \u00e9 o seu suporte?<\/h3>\n<p>O nosso suporte fant\u00e1stico est\u00e1 dispon\u00edvel de segunda-feira a sexta-feira, para responder d\u00favidas t\u00e9cnicas sobre a plataforma. O atendimento \u00e9 via chat online e pelo e-mail (ticket) suporte@amoleads.com.<\/p>\n<p>&nbsp;<\/p>\n<h3>O que \u00e9 a Garantia?<\/h3>\n<p>Ao assinar a plataforma, voc\u00ea tem at\u00e9 30 dias para usar e se durante esse per\u00edodo voc\u00ea achar: &#8220;N\u00e9, isso n\u00e3o \u00e9 para mim!&#8221;, basta cancelar a assinatura que devolvemos o seu dinheiro, sem enrola\u00e7\u00e3o.<\/p>\n<p>&nbsp;<\/p>\n<h3>O que s\u00e3o os modelos prontos de maquinas de vendas?<\/h3>\n<p>S\u00e3o m\u00e1quinas prontas de segmentos espec\u00edficos, ou seja, elas j\u00e1 v\u00eam com uma sequ\u00eancia de e-mails e p\u00e1ginas criadas, basta voc\u00ea clicar em &#8220;Usar&#8221; para copiar uma m\u00e1quina pronta para a sua conta. Voc\u00ea pode editar tanto os conte\u00fados da sequ\u00eancia de e-mails quanto as p\u00e1ginas e dar aquele toque s\u00f3 seu na m\u00e1quina.<\/p>\n<p>&nbsp;<\/p>\n<h3>Voc\u00eas possuem teste gratuito?<\/h3>\n<p>N\u00e3o, mas sem p\u00e2nico, no leadlovers voc\u00ea encontra Garantia.<\/p>\n<p>&nbsp;<\/p>\n<h3>Possui fidelidade?<\/h3>\n<p>N\u00e3o, voc\u00ea pode cancelar a assinatura a qualquer momento. N\u00f3s apenas possu\u00edmos fidelidade com o sucesso do seu neg\u00f3cio.<\/p>\n<p>&nbsp;<\/p>\n<h2 style=\"text-align: center;\">Pronto para come\u00e7ar com o Leadlovers?<\/h2>\n<p style=\"text-align: center;\"><a class=\"maxbutton-8 maxbutton maxbutton-experimente-agora-20-02\" title=\"Experimente agora!\" href=\"https:\/\/www.agencia7.com\/conversoes\/planos-leadlovers.php\"><span class='mb-text'>Experimente agora!<\/span><\/a><\/p>\n<p><noscript><iframe loading=\"lazy\" src=\"https:\/\/go.hotmart.com\/D2413949J?src=blog\" height=\"0\" width=\"0\" style=\"display:none;visibility:hidden\"><\/iframe><\/noscript><\/p>\n","protected":false},"excerpt":{"rendered":"<p>Quer vender seus produtos ou servi\u00e7os na Internet? &nbsp; Assinando uma plataforma de Automa\u00e7\u00e3o de Marketing Digital voc\u00ea pode crescer ou criar do zero o seu neg\u00f3cio digital. &nbsp; &nbsp; &nbsp; Funcionalidades Integradas &nbsp; Sequ\u00eancia de Emails Envie e-mails ilimitados segmentando os leads que abriam e clicaram nos seus e-mails. Al\u00e9m disso, crie sequ\u00eancias autom\u00e1ticas [&hellip;]<\/p>\n","protected":false},"author":1,"featured_media":0,"parent":0,"menu_order":0,"comment_status":"closed","ping_status":"closed","template":"","meta":{"site-sidebar-layout":"default","site-content-layout":"","ast-site-content-layout":"default","site-content-style":"default","site-sidebar-style":"default","ast-global-header-display":"","ast-banner-title-visibility":"","ast-main-header-display":"","ast-hfb-above-header-display":"","ast-hfb-below-header-display":"","ast-hfb-mobile-header-display":"","site-post-title":"","ast-breadcrumbs-content":"","ast-featured-img":"","footer-sml-layout":"","ast-disable-related-posts":"","theme-transparent-header-meta":"","adv-header-id-meta":"","stick-header-meta":"","header-above-stick-meta":"","header-main-stick-meta":"","header-below-stick-meta":"","astra-migrate-meta-layouts":"default","ast-page-background-enabled":"default","ast-page-background-meta":{"desktop":{"background-color":"var(--ast-global-color-4)","background-image":"","background-repeat":"repeat","background-position":"center center","background-size":"auto","background-attachment":"scroll","background-type":"","background-media":"","overlay-type":"","overlay-color":"","overlay-opacity":"","overlay-gradient":""},"tablet":{"background-color":"","background-image":"","background-repeat":"repeat","background-position":"center center","background-size":"auto","background-attachment":"scroll","background-type":"","background-media":"","overlay-type":"","overlay-color":"","overlay-opacity":"","overlay-gradient":""},"mobile":{"background-color":"","background-image":"","background-repeat":"repeat","background-position":"center center","background-size":"auto","background-attachment":"scroll","background-type":"","background-media":"","overlay-type":"","overlay-color":"","overlay-opacity":"","overlay-gradient":""}},"ast-content-background-meta":{"desktop":{"background-color":"var(--ast-global-color-5)","background-image":"","background-repeat":"repeat","background-position":"center center","background-size":"auto","background-attachment":"scroll","background-type":"","background-media":"","overlay-type":"","overlay-color":"","overlay-opacity":"","overlay-gradient":""},"tablet":{"background-color":"var(--ast-global-color-5)","background-image":"","background-repeat":"repeat","background-position":"center center","background-size":"auto","background-attachment":"scroll","background-type":"","background-media":"","overlay-type":"","overlay-color":"","overlay-opacity":"","overlay-gradient":""},"mobile":{"background-color":"var(--ast-global-color-5)","background-image":"","background-repeat":"repeat","background-position":"center center","background-size":"auto","background-attachment":"scroll","background-type":"","background-media":"","overlay-type":"","overlay-color":"","overlay-opacity":"","overlay-gradient":""}},"footnotes":""},"class_list":["post-576","page","type-page","status-publish","hentry"],"yoast_head":"<!-- This site is optimized with the Yoast SEO plugin v27.0 - https:\/\/yoast.com\/product\/yoast-seo-wordpress\/ -->\n<title>Leadlovers Gera\u00e7\u00e3o de Leads | Leadlovers M\u00e1quina de Leads<\/title>\n<meta name=\"description\" content=\"Leadlovers, a plataforma de Automa\u00e7\u00e3o de Marketing Digital. Com ela voc\u00ea pode crescer ou criar do zero o seu neg\u00f3cio digital. Conhe\u00e7a o Leadlovers.\" \/>\n<meta name=\"robots\" content=\"index, follow, max-snippet:-1, max-image-preview:large, max-video-preview:-1\" \/>\n<link rel=\"canonical\" href=\"https:\/\/www.agencia7.com\/maquina-de-vendas\/leadlovers-geracao-de-leads\/\" \/>\n<meta property=\"og:locale\" content=\"pt_BR\" \/>\n<meta property=\"og:type\" content=\"article\" \/>\n<meta property=\"og:title\" content=\"Leadlovers Gera\u00e7\u00e3o de Leads\" \/>\n<meta property=\"og:description\" content=\"Leadlovers, a plataforma de Automa\u00e7\u00e3o de Marketing Digital. Com ela voc\u00ea pode crescer ou criar do zero o seu neg\u00f3cio digital. Conhe\u00e7a o Leadlovers.\" \/>\n<meta property=\"og:url\" content=\"https:\/\/www.agencia7.com\/maquina-de-vendas\/leadlovers-geracao-de-leads\/\" \/>\n<meta property=\"og:site_name\" content=\"Leadlovers M\u00e1quina de Leads\" \/>\n<meta property=\"article:modified_time\" content=\"2020-03-11T19:25:03+00:00\" \/>\n<meta property=\"og:image\" content=\"https:\/\/www.agencia7.com\/maquina-de-vendas\/wp-content\/uploads\/2016\/04\/lead-lovers-facebook.png\" \/>\n\t<meta property=\"og:image:width\" content=\"1200\" \/>\n\t<meta property=\"og:image:height\" content=\"628\" \/>\n\t<meta property=\"og:image:type\" content=\"image\/png\" \/>\n<meta name=\"twitter:label1\" content=\"Est. tempo de leitura\" \/>\n\t<meta name=\"twitter:data1\" content=\"4 minutos\" \/>\n<script type=\"application\/ld+json\" class=\"yoast-schema-graph\">{\"@context\":\"https:\/\/schema.org\",\"@graph\":[{\"@type\":\"WebPage\",\"@id\":\"https:\/\/www.agencia7.com\/maquina-de-vendas\/leadlovers-geracao-de-leads\/\",\"url\":\"https:\/\/www.agencia7.com\/maquina-de-vendas\/leadlovers-geracao-de-leads\/\",\"name\":\"Leadlovers Gera\u00e7\u00e3o de Leads | Leadlovers M\u00e1quina de Leads\",\"isPartOf\":{\"@id\":\"https:\/\/www.agencia7.com\/maquina-de-vendas\/#website\"},\"primaryImageOfPage\":{\"@id\":\"https:\/\/www.agencia7.com\/maquina-de-vendas\/leadlovers-geracao-de-leads\/#primaryimage\"},\"image\":{\"@id\":\"https:\/\/www.agencia7.com\/maquina-de-vendas\/leadlovers-geracao-de-leads\/#primaryimage\"},\"thumbnailUrl\":\"https:\/\/www.agencia7.com\/maquina-de-vendas\/wp-content\/uploads\/2020\/02\/img-18341-20161207144807.png\",\"datePublished\":\"2020-02-20T02:32:53+00:00\",\"dateModified\":\"2020-03-11T19:25:03+00:00\",\"description\":\"Leadlovers, a plataforma de Automa\u00e7\u00e3o de Marketing Digital. Com ela voc\u00ea pode crescer ou criar do zero o seu neg\u00f3cio digital. Conhe\u00e7a o Leadlovers.\",\"breadcrumb\":{\"@id\":\"https:\/\/www.agencia7.com\/maquina-de-vendas\/leadlovers-geracao-de-leads\/#breadcrumb\"},\"inLanguage\":\"pt-BR\",\"potentialAction\":[{\"@type\":\"ReadAction\",\"target\":[\"https:\/\/www.agencia7.com\/maquina-de-vendas\/leadlovers-geracao-de-leads\/\"]}]},{\"@type\":\"ImageObject\",\"inLanguage\":\"pt-BR\",\"@id\":\"https:\/\/www.agencia7.com\/maquina-de-vendas\/leadlovers-geracao-de-leads\/#primaryimage\",\"url\":\"https:\/\/www.agencia7.com\/maquina-de-vendas\/wp-content\/uploads\/2020\/02\/img-18341-20161207144807.png\",\"contentUrl\":\"https:\/\/www.agencia7.com\/maquina-de-vendas\/wp-content\/uploads\/2020\/02\/img-18341-20161207144807.png\",\"width\":553,\"height\":378},{\"@type\":\"BreadcrumbList\",\"@id\":\"https:\/\/www.agencia7.com\/maquina-de-vendas\/leadlovers-geracao-de-leads\/#breadcrumb\",\"itemListElement\":[{\"@type\":\"ListItem\",\"position\":1,\"name\":\"In\u00edcio\",\"item\":\"https:\/\/www.agencia7.com\/maquina-de-vendas\/\"},{\"@type\":\"ListItem\",\"position\":2,\"name\":\"Leadlovers Gera\u00e7\u00e3o de Leads\"}]},{\"@type\":\"WebSite\",\"@id\":\"https:\/\/www.agencia7.com\/maquina-de-vendas\/#website\",\"url\":\"https:\/\/www.agencia7.com\/maquina-de-vendas\/\",\"name\":\"Leadlovers M\u00e1quina de Leads\",\"description\":\"Use o leadlovers m\u00e1quina de leads na sua estrat\u00e9gia de vendas\",\"potentialAction\":[{\"@type\":\"SearchAction\",\"target\":{\"@type\":\"EntryPoint\",\"urlTemplate\":\"https:\/\/www.agencia7.com\/maquina-de-vendas\/?s={search_term_string}\"},\"query-input\":{\"@type\":\"PropertyValueSpecification\",\"valueRequired\":true,\"valueName\":\"search_term_string\"}}],\"inLanguage\":\"pt-BR\"}]}<\/script>\n<!-- \/ Yoast SEO plugin. -->","yoast_head_json":{"title":"Leadlovers Gera\u00e7\u00e3o de Leads | Leadlovers M\u00e1quina de Leads","description":"Leadlovers, a plataforma de Automa\u00e7\u00e3o de Marketing Digital. Com ela voc\u00ea pode crescer ou criar do zero o seu neg\u00f3cio digital. Conhe\u00e7a o Leadlovers.","robots":{"index":"index","follow":"follow","max-snippet":"max-snippet:-1","max-image-preview":"max-image-preview:large","max-video-preview":"max-video-preview:-1"},"canonical":"https:\/\/www.agencia7.com\/maquina-de-vendas\/leadlovers-geracao-de-leads\/","og_locale":"pt_BR","og_type":"article","og_title":"Leadlovers Gera\u00e7\u00e3o de Leads","og_description":"Leadlovers, a plataforma de Automa\u00e7\u00e3o de Marketing Digital. Com ela voc\u00ea pode crescer ou criar do zero o seu neg\u00f3cio digital. Conhe\u00e7a o Leadlovers.","og_url":"https:\/\/www.agencia7.com\/maquina-de-vendas\/leadlovers-geracao-de-leads\/","og_site_name":"Leadlovers M\u00e1quina de Leads","article_modified_time":"2020-03-11T19:25:03+00:00","og_image":[{"width":1200,"height":628,"url":"https:\/\/www.agencia7.com\/maquina-de-vendas\/wp-content\/uploads\/2016\/04\/lead-lovers-facebook.png","type":"image\/png"}],"twitter_misc":{"Est. tempo de leitura":"4 minutos"},"schema":{"@context":"https:\/\/schema.org","@graph":[{"@type":"WebPage","@id":"https:\/\/www.agencia7.com\/maquina-de-vendas\/leadlovers-geracao-de-leads\/","url":"https:\/\/www.agencia7.com\/maquina-de-vendas\/leadlovers-geracao-de-leads\/","name":"Leadlovers Gera\u00e7\u00e3o de Leads | Leadlovers M\u00e1quina de Leads","isPartOf":{"@id":"https:\/\/www.agencia7.com\/maquina-de-vendas\/#website"},"primaryImageOfPage":{"@id":"https:\/\/www.agencia7.com\/maquina-de-vendas\/leadlovers-geracao-de-leads\/#primaryimage"},"image":{"@id":"https:\/\/www.agencia7.com\/maquina-de-vendas\/leadlovers-geracao-de-leads\/#primaryimage"},"thumbnailUrl":"https:\/\/www.agencia7.com\/maquina-de-vendas\/wp-content\/uploads\/2020\/02\/img-18341-20161207144807.png","datePublished":"2020-02-20T02:32:53+00:00","dateModified":"2020-03-11T19:25:03+00:00","description":"Leadlovers, a plataforma de Automa\u00e7\u00e3o de Marketing Digital. Com ela voc\u00ea pode crescer ou criar do zero o seu neg\u00f3cio digital. Conhe\u00e7a o Leadlovers.","breadcrumb":{"@id":"https:\/\/www.agencia7.com\/maquina-de-vendas\/leadlovers-geracao-de-leads\/#breadcrumb"},"inLanguage":"pt-BR","potentialAction":[{"@type":"ReadAction","target":["https:\/\/www.agencia7.com\/maquina-de-vendas\/leadlovers-geracao-de-leads\/"]}]},{"@type":"ImageObject","inLanguage":"pt-BR","@id":"https:\/\/www.agencia7.com\/maquina-de-vendas\/leadlovers-geracao-de-leads\/#primaryimage","url":"https:\/\/www.agencia7.com\/maquina-de-vendas\/wp-content\/uploads\/2020\/02\/img-18341-20161207144807.png","contentUrl":"https:\/\/www.agencia7.com\/maquina-de-vendas\/wp-content\/uploads\/2020\/02\/img-18341-20161207144807.png","width":553,"height":378},{"@type":"BreadcrumbList","@id":"https:\/\/www.agencia7.com\/maquina-de-vendas\/leadlovers-geracao-de-leads\/#breadcrumb","itemListElement":[{"@type":"ListItem","position":1,"name":"In\u00edcio","item":"https:\/\/www.agencia7.com\/maquina-de-vendas\/"},{"@type":"ListItem","position":2,"name":"Leadlovers Gera\u00e7\u00e3o de Leads"}]},{"@type":"WebSite","@id":"https:\/\/www.agencia7.com\/maquina-de-vendas\/#website","url":"https:\/\/www.agencia7.com\/maquina-de-vendas\/","name":"Leadlovers M\u00e1quina de Leads","description":"Use o leadlovers m\u00e1quina de leads na sua estrat\u00e9gia de vendas","potentialAction":[{"@type":"SearchAction","target":{"@type":"EntryPoint","urlTemplate":"https:\/\/www.agencia7.com\/maquina-de-vendas\/?s={search_term_string}"},"query-input":{"@type":"PropertyValueSpecification","valueRequired":true,"valueName":"search_term_string"}}],"inLanguage":"pt-BR"}]}},"_links":{"self":[{"href":"https:\/\/www.agencia7.com\/maquina-de-vendas\/wp-json\/wp\/v2\/pages\/576","targetHints":{"allow":["GET"]}}],"collection":[{"href":"https:\/\/www.agencia7.com\/maquina-de-vendas\/wp-json\/wp\/v2\/pages"}],"about":[{"href":"https:\/\/www.agencia7.com\/maquina-de-vendas\/wp-json\/wp\/v2\/types\/page"}],"author":[{"embeddable":true,"href":"https:\/\/www.agencia7.com\/maquina-de-vendas\/wp-json\/wp\/v2\/users\/1"}],"replies":[{"embeddable":true,"href":"https:\/\/www.agencia7.com\/maquina-de-vendas\/wp-json\/wp\/v2\/comments?post=576"}],"version-history":[{"count":14,"href":"https:\/\/www.agencia7.com\/maquina-de-vendas\/wp-json\/wp\/v2\/pages\/576\/revisions"}],"predecessor-version":[{"id":624,"href":"https:\/\/www.agencia7.com\/maquina-de-vendas\/wp-json\/wp\/v2\/pages\/576\/revisions\/624"}],"wp:attachment":[{"href":"https:\/\/www.agencia7.com\/maquina-de-vendas\/wp-json\/wp\/v2\/media?parent=576"}],"curies":[{"name":"wp","href":"https:\/\/api.w.org\/{rel}","templated":true}]}}