{"id":64,"date":"2016-04-22T21:56:58","date_gmt":"2016-04-23T00:56:58","guid":{"rendered":"http:\/\/www.agencia7.com\/maquina-de-vendas\/?page_id=64"},"modified":"2019-06-10T15:32:04","modified_gmt":"2019-06-10T18:32:04","slug":"politica-de-privacidade","status":"publish","type":"page","link":"https:\/\/www.agencia7.com\/maquina-de-vendas\/politica-de-privacidade\/","title":{"rendered":"Pol\u00ed\u00adtica de Privacidade"},"content":{"rendered":"<p>Pol\u00edtica de privacidade para <a href=\"http:\/\/www.agencia7.com\/maquina-de-vendas\">Leadlovers<\/a><\/p>\n<p>Todas as suas informa\u00e7\u00f5es pessoais recolhidas, ser\u00e3o usadas para o ajudar a tornar a sua visita no nosso site o mais produtiva e agrad\u00e1vel poss\u00edvel.<\/p>\n<p>A garantia da confidencialidade dos dados pessoais dos utilizadores do nosso site \u00e9 importante para o Leadlovers.<\/p>\n<p>Todas as informa\u00e7\u00f5es pessoais relativas a membros, assinantes, clientes ou visitantes que usem o Leadlovers ser\u00e3o tratadas em concord\u00e2ncia com a Lei da Prote\u00e7\u00e3o de Dados Pessoais de 26 de outubro de 1998 (Lei n.\u00ba 67\/98).<\/p>\n<p>A informa\u00e7\u00e3o pessoal recolhida pode incluir o seu nome, e-mail, n\u00famero de telefone e\/ou telem\u00f3vel, morada, data de nascimento e\/ou outros.<\/p>\n<p>O uso do Leadlovers pressup\u00f5e a aceita\u00e7\u00e3o deste Acordo de privacidade. A equipe do Leadlovers reserva-se ao direito de alterar este acordo sem aviso pr\u00e9vio. Deste modo, recomendamos que consulte a nossa pol\u00edtica de privacidade com regularidade de forma a estar sempre atualizado.<\/p>\n<p>Os an\u00fancios<br \/>\nTal como outros websites, coletamos e utilizamos informa\u00e7\u00e3o contida nos an\u00fancios. A informa\u00e7\u00e3o contida nos an\u00fancios, inclui o seu endere\u00e7o IP (Internet Protocol), o seu ISP (Internet Service Provider, como o Sapo, Clix, ou outro), o browser que utilizou ao visitar o nosso website (como o Internet Explorer ou o Firefox), o tempo da sua visita e que p\u00e1ginas visitou dentro do nosso website.<\/p>\n<p>Cookie DoubleClick Dart<br \/>\nO Google, como fornecedor de terceiros, utiliza cookies para exibir an\u00fancios no nosso website;<\/p>\n<p>Com o cookie DART, o Google pode exibir an\u00fancios com base nas visitas que o leitor fez a outros websites na Internet;<\/p>\n<p>Os utilizadores podem desativar o cookie DART visitando a Pol\u00ed\u00adtica de privacidade da rede de conte\u00fado e dos an\u00fancios do Google.<\/p>\n<p>Os Cookies e Web Beacons<br \/>\nUtilizamos cookies para armazenar informa\u00e7\u00e3o, tais como as suas prefer\u00eancias pessoas quando visita o nosso website. Isto poder\u00e1 incluir um simples popup, ou uma liga\u00e7\u00e3o em v\u00e1rios serv\u00e7os que providenciamos, tais como f\u00f3runs.<\/p>\n<p>Em adi\u00e7\u00e3o tamb\u00e9m utilizamos publicidade de terceiros no nosso website para suportar os custos de manuten\u00e7\u00e3o. Alguns destes publicit\u00e1rios, poder\u00e3o utilizar tecnologias como os cookies e\/ou web beacons quando publicitam no nosso website, o que far\u00e1 com que esses publicit\u00e1rios (como o Google atrav\u00e9s do Google AdSense) tamb\u00e9m recebam a sua informa\u00e7\u00e3o pessoal, como o endere\u00e7o IP, o seu ISP, o seu browser, etc. Esta fun\u00e7\u00e3o \u00e9 geralmente utilizada para geotargeting (mostrar publicidade de Lisboa apenas aos leitores oriundos de Lisboa por ex.) ou apresentar publicidade direcionada a um tipo de utilizador (como mostrar publicidade de restaurante a um utilizador que visita sites de culin\u00e1ria regularmente, por ex.).<\/p>\n<p>Voc\u00ea det\u00e9m o poder de desligar os seus cookies, nas op\u00e7\u00f5es do seu browser, ou efetuando altera\u00e7\u00f5es nas ferramentas de programas Anti-Virus, como o Norton Internet Security. No entanto, isso poder\u00e1 alterar a forma como interage com o nosso website, ou outros websites. Isso poder\u00e1 afetar ou n\u00e3o permitir que fa\u00e7a logins em programas, sites ou f\u00f3runs da nossa e de outras redes.<\/p>\n<p>Liga\u00e7\u00f5es a Sites de terceiros<br \/>\nO Leadlovers possui liga\u00e7\u00f5es para outros sites, os quais, a nosso ver, podem conter informa\u00e7\u00f5es \/ ferramentas \u00fateis para os nossos visitantes. A nossa pol\u00edtica de privacidade n\u00e3o \u00e9 aplicada a sites de terceiros, pelo que, caso visite outro site a partir do nosso dever\u00e1 ler a politica de privacidade do mesmo.<\/p>\n<p>N\u00e3o nos responsabilizamos pela pol\u00edtica de privacidade ou conte\u00fado presente nesses mesmos sites.<\/p>\n","protected":false},"excerpt":{"rendered":"<p>Pol\u00edtica de privacidade para Leadlovers Todas as suas informa\u00e7\u00f5es pessoais recolhidas, ser\u00e3o usadas para o ajudar a tornar a sua visita no nosso site o mais produtiva e agrad\u00e1vel poss\u00edvel. A garantia da confidencialidade dos dados pessoais dos utilizadores do nosso site \u00e9 importante para o Leadlovers. Todas as informa\u00e7\u00f5es pessoais relativas a membros, assinantes, [&hellip;]<\/p>\n","protected":false},"author":1,"featured_media":0,"parent":0,"menu_order":0,"comment_status":"closed","ping_status":"closed","template":"","meta":{"site-sidebar-layout":"default","site-content-layout":"","ast-site-content-layout":"default","site-content-style":"default","site-sidebar-style":"default","ast-global-header-display":"","ast-banner-title-visibility":"","ast-main-header-display":"","ast-hfb-above-header-display":"","ast-hfb-below-header-display":"","ast-hfb-mobile-header-display":"","site-post-title":"","ast-breadcrumbs-content":"","ast-featured-img":"","footer-sml-layout":"","ast-disable-related-posts":"","theme-transparent-header-meta":"","adv-header-id-meta":"","stick-header-meta":"","header-above-stick-meta":"","header-main-stick-meta":"","header-below-stick-meta":"","astra-migrate-meta-layouts":"default","ast-page-background-enabled":"default","ast-page-background-meta":{"desktop":{"background-color":"var(--ast-global-color-4)","background-image":"","background-repeat":"repeat","background-position":"center center","background-size":"auto","background-attachment":"scroll","background-type":"","background-media":"","overlay-type":"","overlay-color":"","overlay-opacity":"","overlay-gradient":""},"tablet":{"background-color":"","background-image":"","background-repeat":"repeat","background-position":"center center","background-size":"auto","background-attachment":"scroll","background-type":"","background-media":"","overlay-type":"","overlay-color":"","overlay-opacity":"","overlay-gradient":""},"mobile":{"background-color":"","background-image":"","background-repeat":"repeat","background-position":"center center","background-size":"auto","background-attachment":"scroll","background-type":"","background-media":"","overlay-type":"","overlay-color":"","overlay-opacity":"","overlay-gradient":""}},"ast-content-background-meta":{"desktop":{"background-color":"var(--ast-global-color-5)","background-image":"","background-repeat":"repeat","background-position":"center center","background-size":"auto","background-attachment":"scroll","background-type":"","background-media":"","overlay-type":"","overlay-color":"","overlay-opacity":"","overlay-gradient":""},"tablet":{"background-color":"var(--ast-global-color-5)","background-image":"","background-repeat":"repeat","background-position":"center center","background-size":"auto","background-attachment":"scroll","background-type":"","background-media":"","overlay-type":"","overlay-color":"","overlay-opacity":"","overlay-gradient":""},"mobile":{"background-color":"var(--ast-global-color-5)","background-image":"","background-repeat":"repeat","background-position":"center center","background-size":"auto","background-attachment":"scroll","background-type":"","background-media":"","overlay-type":"","overlay-color":"","overlay-opacity":"","overlay-gradient":""}},"footnotes":""},"class_list":["post-64","page","type-page","status-publish","hentry"],"yoast_head":"<!-- This site is optimized with the Yoast SEO plugin v27.0 - https:\/\/yoast.com\/product\/yoast-seo-wordpress\/ -->\n<title>Pol\u00ed\u00adtica de Privacidade | Leadlovers M\u00e1quina de Leads<\/title>\n<meta name=\"description\" content=\"Todas as suas informa\u00e7\u00f5es pessoais recolhidas, ser\u00e3o usadas para o ajudar a tornar a sua visita no nosso site o mais produtiva e agrad\u00e1vel poss\u00edvel.\" \/>\n<meta name=\"robots\" content=\"index, follow, max-snippet:-1, max-image-preview:large, max-video-preview:-1\" \/>\n<link rel=\"canonical\" href=\"https:\/\/www.agencia7.com\/maquina-de-vendas\/politica-de-privacidade\/\" \/>\n<meta property=\"og:locale\" content=\"pt_BR\" \/>\n<meta property=\"og:type\" content=\"article\" \/>\n<meta property=\"og:title\" content=\"Pol\u00ed\u00adtica de Privacidade\" \/>\n<meta property=\"og:description\" content=\"Todas as suas informa\u00e7\u00f5es pessoais recolhidas, ser\u00e3o usadas para o ajudar a tornar a sua visita no nosso site o mais produtiva e agrad\u00e1vel poss\u00edvel.\" \/>\n<meta property=\"og:url\" content=\"https:\/\/www.agencia7.com\/maquina-de-vendas\/politica-de-privacidade\/\" \/>\n<meta property=\"og:site_name\" content=\"Leadlovers M\u00e1quina de Leads\" \/>\n<meta property=\"article:modified_time\" content=\"2019-06-10T18:32:04+00:00\" \/>\n<meta property=\"og:image\" content=\"https:\/\/www.agencia7.com\/maquina-de-vendas\/wp-content\/uploads\/2016\/04\/lead-lovers-facebook.png\" \/>\n\t<meta property=\"og:image:width\" content=\"1200\" \/>\n\t<meta property=\"og:image:height\" content=\"628\" \/>\n\t<meta property=\"og:image:type\" content=\"image\/png\" \/>\n<meta name=\"twitter:label1\" content=\"Est. tempo de leitura\" \/>\n\t<meta name=\"twitter:data1\" content=\"3 minutos\" \/>\n<script type=\"application\/ld+json\" class=\"yoast-schema-graph\">{\"@context\":\"https:\/\/schema.org\",\"@graph\":[{\"@type\":\"WebPage\",\"@id\":\"https:\/\/www.agencia7.com\/maquina-de-vendas\/politica-de-privacidade\/\",\"url\":\"https:\/\/www.agencia7.com\/maquina-de-vendas\/politica-de-privacidade\/\",\"name\":\"Pol\u00ed\u00adtica de Privacidade | Leadlovers M\u00e1quina de Leads\",\"isPartOf\":{\"@id\":\"https:\/\/www.agencia7.com\/maquina-de-vendas\/#website\"},\"datePublished\":\"2016-04-23T00:56:58+00:00\",\"dateModified\":\"2019-06-10T18:32:04+00:00\",\"description\":\"Todas as suas informa\u00e7\u00f5es pessoais recolhidas, ser\u00e3o usadas para o ajudar a tornar a sua visita no nosso site o mais produtiva e agrad\u00e1vel poss\u00edvel.\",\"breadcrumb\":{\"@id\":\"https:\/\/www.agencia7.com\/maquina-de-vendas\/politica-de-privacidade\/#breadcrumb\"},\"inLanguage\":\"pt-BR\",\"potentialAction\":[{\"@type\":\"ReadAction\",\"target\":[\"https:\/\/www.agencia7.com\/maquina-de-vendas\/politica-de-privacidade\/\"]}]},{\"@type\":\"BreadcrumbList\",\"@id\":\"https:\/\/www.agencia7.com\/maquina-de-vendas\/politica-de-privacidade\/#breadcrumb\",\"itemListElement\":[{\"@type\":\"ListItem\",\"position\":1,\"name\":\"In\u00edcio\",\"item\":\"https:\/\/www.agencia7.com\/maquina-de-vendas\/\"},{\"@type\":\"ListItem\",\"position\":2,\"name\":\"Pol\u00ed\u00adtica de Privacidade\"}]},{\"@type\":\"WebSite\",\"@id\":\"https:\/\/www.agencia7.com\/maquina-de-vendas\/#website\",\"url\":\"https:\/\/www.agencia7.com\/maquina-de-vendas\/\",\"name\":\"Leadlovers M\u00e1quina de Leads\",\"description\":\"Use o leadlovers m\u00e1quina de leads na sua estrat\u00e9gia de vendas\",\"potentialAction\":[{\"@type\":\"SearchAction\",\"target\":{\"@type\":\"EntryPoint\",\"urlTemplate\":\"https:\/\/www.agencia7.com\/maquina-de-vendas\/?s={search_term_string}\"},\"query-input\":{\"@type\":\"PropertyValueSpecification\",\"valueRequired\":true,\"valueName\":\"search_term_string\"}}],\"inLanguage\":\"pt-BR\"}]}<\/script>\n<!-- \/ Yoast SEO plugin. -->","yoast_head_json":{"title":"Pol\u00ed\u00adtica de Privacidade | Leadlovers M\u00e1quina de Leads","description":"Todas as suas informa\u00e7\u00f5es pessoais recolhidas, ser\u00e3o usadas para o ajudar a tornar a sua visita no nosso site o mais produtiva e agrad\u00e1vel poss\u00edvel.","robots":{"index":"index","follow":"follow","max-snippet":"max-snippet:-1","max-image-preview":"max-image-preview:large","max-video-preview":"max-video-preview:-1"},"canonical":"https:\/\/www.agencia7.com\/maquina-de-vendas\/politica-de-privacidade\/","og_locale":"pt_BR","og_type":"article","og_title":"Pol\u00ed\u00adtica de Privacidade","og_description":"Todas as suas informa\u00e7\u00f5es pessoais recolhidas, ser\u00e3o usadas para o ajudar a tornar a sua visita no nosso site o mais produtiva e agrad\u00e1vel poss\u00edvel.","og_url":"https:\/\/www.agencia7.com\/maquina-de-vendas\/politica-de-privacidade\/","og_site_name":"Leadlovers M\u00e1quina de Leads","article_modified_time":"2019-06-10T18:32:04+00:00","og_image":[{"width":1200,"height":628,"url":"https:\/\/www.agencia7.com\/maquina-de-vendas\/wp-content\/uploads\/2016\/04\/lead-lovers-facebook.png","type":"image\/png"}],"twitter_misc":{"Est. tempo de leitura":"3 minutos"},"schema":{"@context":"https:\/\/schema.org","@graph":[{"@type":"WebPage","@id":"https:\/\/www.agencia7.com\/maquina-de-vendas\/politica-de-privacidade\/","url":"https:\/\/www.agencia7.com\/maquina-de-vendas\/politica-de-privacidade\/","name":"Pol\u00ed\u00adtica de Privacidade | Leadlovers M\u00e1quina de Leads","isPartOf":{"@id":"https:\/\/www.agencia7.com\/maquina-de-vendas\/#website"},"datePublished":"2016-04-23T00:56:58+00:00","dateModified":"2019-06-10T18:32:04+00:00","description":"Todas as suas informa\u00e7\u00f5es pessoais recolhidas, ser\u00e3o usadas para o ajudar a tornar a sua visita no nosso site o mais produtiva e agrad\u00e1vel poss\u00edvel.","breadcrumb":{"@id":"https:\/\/www.agencia7.com\/maquina-de-vendas\/politica-de-privacidade\/#breadcrumb"},"inLanguage":"pt-BR","potentialAction":[{"@type":"ReadAction","target":["https:\/\/www.agencia7.com\/maquina-de-vendas\/politica-de-privacidade\/"]}]},{"@type":"BreadcrumbList","@id":"https:\/\/www.agencia7.com\/maquina-de-vendas\/politica-de-privacidade\/#breadcrumb","itemListElement":[{"@type":"ListItem","position":1,"name":"In\u00edcio","item":"https:\/\/www.agencia7.com\/maquina-de-vendas\/"},{"@type":"ListItem","position":2,"name":"Pol\u00ed\u00adtica de Privacidade"}]},{"@type":"WebSite","@id":"https:\/\/www.agencia7.com\/maquina-de-vendas\/#website","url":"https:\/\/www.agencia7.com\/maquina-de-vendas\/","name":"Leadlovers M\u00e1quina de Leads","description":"Use o leadlovers m\u00e1quina de leads na sua estrat\u00e9gia de vendas","potentialAction":[{"@type":"SearchAction","target":{"@type":"EntryPoint","urlTemplate":"https:\/\/www.agencia7.com\/maquina-de-vendas\/?s={search_term_string}"},"query-input":{"@type":"PropertyValueSpecification","valueRequired":true,"valueName":"search_term_string"}}],"inLanguage":"pt-BR"}]}},"_links":{"self":[{"href":"https:\/\/www.agencia7.com\/maquina-de-vendas\/wp-json\/wp\/v2\/pages\/64","targetHints":{"allow":["GET"]}}],"collection":[{"href":"https:\/\/www.agencia7.com\/maquina-de-vendas\/wp-json\/wp\/v2\/pages"}],"about":[{"href":"https:\/\/www.agencia7.com\/maquina-de-vendas\/wp-json\/wp\/v2\/types\/page"}],"author":[{"embeddable":true,"href":"https:\/\/www.agencia7.com\/maquina-de-vendas\/wp-json\/wp\/v2\/users\/1"}],"replies":[{"embeddable":true,"href":"https:\/\/www.agencia7.com\/maquina-de-vendas\/wp-json\/wp\/v2\/comments?post=64"}],"version-history":[{"count":4,"href":"https:\/\/www.agencia7.com\/maquina-de-vendas\/wp-json\/wp\/v2\/pages\/64\/revisions"}],"predecessor-version":[{"id":388,"href":"https:\/\/www.agencia7.com\/maquina-de-vendas\/wp-json\/wp\/v2\/pages\/64\/revisions\/388"}],"wp:attachment":[{"href":"https:\/\/www.agencia7.com\/maquina-de-vendas\/wp-json\/wp\/v2\/media?parent=64"}],"curies":[{"name":"wp","href":"https:\/\/api.w.org\/{rel}","templated":true}]}}