{"id":66,"date":"2016-04-22T21:58:11","date_gmt":"2016-04-23T00:58:11","guid":{"rendered":"http:\/\/www.agencia7.com\/maquina-de-vendas\/?page_id=66"},"modified":"2018-09-03T15:16:50","modified_gmt":"2018-09-03T18:16:50","slug":"politica-de-reembolso","status":"publish","type":"page","link":"https:\/\/www.agencia7.com\/maquina-de-vendas\/politica-de-reembolso\/","title":{"rendered":"Pol\u00ed\u00adtica de Reembolso"},"content":{"rendered":"<p>Se em at\u00e9 30 dias ap\u00f3s a compra por alguma raz\u00e3o voc\u00ea n\u00e3o ficar satisfeito com o Lead Lovers seu dinheiro ser\u00e1 devolvido integralmente, sem burocracia. E o estorno vir\u00e1 na sua pr\u00f3xima fatura do Cart\u00e3o de Cr\u00e9dito. Esse \u00e9 um compromisso da empresa desenvolvedora e voc\u00ea pode confiar.<\/p>\n<p>Clique <a href=\"https:\/\/app.hotmart.com\/reembolso\" target=\"_blank\" rel=\"noopener\">aqui<\/a> para solicitar reembolso.<\/p>\n","protected":false},"excerpt":{"rendered":"<p>Se em at\u00e9 30 dias ap\u00f3s a compra por alguma raz\u00e3o voc\u00ea n\u00e3o ficar satisfeito com o Lead Lovers seu dinheiro ser\u00e1 devolvido integralmente, sem burocracia. E o estorno vir\u00e1 na sua pr\u00f3xima fatura do Cart\u00e3o de Cr\u00e9dito. Esse \u00e9 um compromisso da empresa desenvolvedora e voc\u00ea pode confiar. Clique aqui para solicitar reembolso.<\/p>\n","protected":false},"author":1,"featured_media":0,"parent":0,"menu_order":0,"comment_status":"closed","ping_status":"closed","template":"","meta":{"site-sidebar-layout":"default","site-content-layout":"","ast-site-content-layout":"default","site-content-style":"default","site-sidebar-style":"default","ast-global-header-display":"","ast-banner-title-visibility":"","ast-main-header-display":"","ast-hfb-above-header-display":"","ast-hfb-below-header-display":"","ast-hfb-mobile-header-display":"","site-post-title":"","ast-breadcrumbs-content":"","ast-featured-img":"","footer-sml-layout":"","ast-disable-related-posts":"","theme-transparent-header-meta":"","adv-header-id-meta":"","stick-header-meta":"","header-above-stick-meta":"","header-main-stick-meta":"","header-below-stick-meta":"","astra-migrate-meta-layouts":"default","ast-page-background-enabled":"default","ast-page-background-meta":{"desktop":{"background-color":"var(--ast-global-color-4)","background-image":"","background-repeat":"repeat","background-position":"center center","background-size":"auto","background-attachment":"scroll","background-type":"","background-media":"","overlay-type":"","overlay-color":"","overlay-opacity":"","overlay-gradient":""},"tablet":{"background-color":"","background-image":"","background-repeat":"repeat","background-position":"center center","background-size":"auto","background-attachment":"scroll","background-type":"","background-media":"","overlay-type":"","overlay-color":"","overlay-opacity":"","overlay-gradient":""},"mobile":{"background-color":"","background-image":"","background-repeat":"repeat","background-position":"center center","background-size":"auto","background-attachment":"scroll","background-type":"","background-media":"","overlay-type":"","overlay-color":"","overlay-opacity":"","overlay-gradient":""}},"ast-content-background-meta":{"desktop":{"background-color":"var(--ast-global-color-5)","background-image":"","background-repeat":"repeat","background-position":"center center","background-size":"auto","background-attachment":"scroll","background-type":"","background-media":"","overlay-type":"","overlay-color":"","overlay-opacity":"","overlay-gradient":""},"tablet":{"background-color":"var(--ast-global-color-5)","background-image":"","background-repeat":"repeat","background-position":"center center","background-size":"auto","background-attachment":"scroll","background-type":"","background-media":"","overlay-type":"","overlay-color":"","overlay-opacity":"","overlay-gradient":""},"mobile":{"background-color":"var(--ast-global-color-5)","background-image":"","background-repeat":"repeat","background-position":"center center","background-size":"auto","background-attachment":"scroll","background-type":"","background-media":"","overlay-type":"","overlay-color":"","overlay-opacity":"","overlay-gradient":""}},"footnotes":""},"class_list":["post-66","page","type-page","status-publish","hentry"],"yoast_head":"<!-- This site is optimized with the Yoast SEO plugin v27.0 - https:\/\/yoast.com\/product\/yoast-seo-wordpress\/ -->\n<title>Pol\u00ed\u00adtica de Reembolso | Leadlovers M\u00e1quina de Leads<\/title>\n<meta name=\"description\" content=\"Se em at\u00e9 30 dias ap\u00f3s a compra por alguma raz\u00e3o voc\u00ea n\u00e3o ficar satisfeito com o Lead Lovers seu dinheiro ser\u00e1 devolvido integralmente, sem burocracia.\" \/>\n<meta name=\"robots\" content=\"index, follow, max-snippet:-1, max-image-preview:large, max-video-preview:-1\" \/>\n<link rel=\"canonical\" href=\"https:\/\/www.agencia7.com\/maquina-de-vendas\/politica-de-reembolso\/\" \/>\n<meta property=\"og:locale\" content=\"pt_BR\" \/>\n<meta property=\"og:type\" content=\"article\" \/>\n<meta property=\"og:title\" content=\"Pol\u00c3\u00adtica de Reembolso\" \/>\n<meta property=\"og:description\" content=\"Se em at\u00c3\u00a9 30 dias ap\u00c3\u00b3s a compra por alguma raz\u00c3\u00a3o voc\u00c3\u00aa n\u00c3\u00a3o ficar satisfeito com o Lead Lovers seu dinheiro ser\u00c3\u00a1 devolvido integralmente, sem burocracia.\" \/>\n<meta property=\"og:url\" content=\"https:\/\/www.agencia7.com\/maquina-de-vendas\/politica-de-reembolso\/\" \/>\n<meta property=\"og:site_name\" content=\"Leadlovers M\u00e1quina de Leads\" \/>\n<meta property=\"article:modified_time\" content=\"2018-09-03T18:16:50+00:00\" \/>\n<meta property=\"og:image\" content=\"https:\/\/www.agencia7.com\/maquina-de-vendas\/wp-content\/uploads\/2016\/04\/lead-lovers-facebook.png\" \/>\n\t<meta property=\"og:image:width\" content=\"1200\" \/>\n\t<meta property=\"og:image:height\" content=\"628\" \/>\n\t<meta property=\"og:image:type\" content=\"image\/png\" \/>\n<script type=\"application\/ld+json\" class=\"yoast-schema-graph\">{\"@context\":\"https:\/\/schema.org\",\"@graph\":[{\"@type\":\"WebPage\",\"@id\":\"https:\/\/www.agencia7.com\/maquina-de-vendas\/politica-de-reembolso\/\",\"url\":\"https:\/\/www.agencia7.com\/maquina-de-vendas\/politica-de-reembolso\/\",\"name\":\"Pol\u00ed\u00adtica de Reembolso | Leadlovers M\u00e1quina de Leads\",\"isPartOf\":{\"@id\":\"https:\/\/www.agencia7.com\/maquina-de-vendas\/#website\"},\"datePublished\":\"2016-04-23T00:58:11+00:00\",\"dateModified\":\"2018-09-03T18:16:50+00:00\",\"description\":\"Se em at\u00e9 30 dias ap\u00f3s a compra por alguma raz\u00e3o voc\u00ea n\u00e3o ficar satisfeito com o Lead Lovers seu dinheiro ser\u00e1 devolvido integralmente, sem burocracia.\",\"breadcrumb\":{\"@id\":\"https:\/\/www.agencia7.com\/maquina-de-vendas\/politica-de-reembolso\/#breadcrumb\"},\"inLanguage\":\"pt-BR\",\"potentialAction\":[{\"@type\":\"ReadAction\",\"target\":[\"https:\/\/www.agencia7.com\/maquina-de-vendas\/politica-de-reembolso\/\"]}]},{\"@type\":\"BreadcrumbList\",\"@id\":\"https:\/\/www.agencia7.com\/maquina-de-vendas\/politica-de-reembolso\/#breadcrumb\",\"itemListElement\":[{\"@type\":\"ListItem\",\"position\":1,\"name\":\"In\u00edcio\",\"item\":\"https:\/\/www.agencia7.com\/maquina-de-vendas\/\"},{\"@type\":\"ListItem\",\"position\":2,\"name\":\"Pol\u00ed\u00adtica de Reembolso\"}]},{\"@type\":\"WebSite\",\"@id\":\"https:\/\/www.agencia7.com\/maquina-de-vendas\/#website\",\"url\":\"https:\/\/www.agencia7.com\/maquina-de-vendas\/\",\"name\":\"Leadlovers M\u00e1quina de Leads\",\"description\":\"Use o leadlovers m\u00e1quina de leads na sua estrat\u00e9gia de vendas\",\"potentialAction\":[{\"@type\":\"SearchAction\",\"target\":{\"@type\":\"EntryPoint\",\"urlTemplate\":\"https:\/\/www.agencia7.com\/maquina-de-vendas\/?s={search_term_string}\"},\"query-input\":{\"@type\":\"PropertyValueSpecification\",\"valueRequired\":true,\"valueName\":\"search_term_string\"}}],\"inLanguage\":\"pt-BR\"}]}<\/script>\n<!-- \/ Yoast SEO plugin. -->","yoast_head_json":{"title":"Pol\u00ed\u00adtica de Reembolso | Leadlovers M\u00e1quina de Leads","description":"Se em at\u00e9 30 dias ap\u00f3s a compra por alguma raz\u00e3o voc\u00ea n\u00e3o ficar satisfeito com o Lead Lovers seu dinheiro ser\u00e1 devolvido integralmente, sem burocracia.","robots":{"index":"index","follow":"follow","max-snippet":"max-snippet:-1","max-image-preview":"max-image-preview:large","max-video-preview":"max-video-preview:-1"},"canonical":"https:\/\/www.agencia7.com\/maquina-de-vendas\/politica-de-reembolso\/","og_locale":"pt_BR","og_type":"article","og_title":"Pol\u00c3\u00adtica de Reembolso","og_description":"Se em at\u00c3\u00a9 30 dias ap\u00c3\u00b3s a compra por alguma raz\u00c3\u00a3o voc\u00c3\u00aa n\u00c3\u00a3o ficar satisfeito com o Lead Lovers seu dinheiro ser\u00c3\u00a1 devolvido integralmente, sem burocracia.","og_url":"https:\/\/www.agencia7.com\/maquina-de-vendas\/politica-de-reembolso\/","og_site_name":"Leadlovers M\u00e1quina de Leads","article_modified_time":"2018-09-03T18:16:50+00:00","og_image":[{"width":1200,"height":628,"url":"https:\/\/www.agencia7.com\/maquina-de-vendas\/wp-content\/uploads\/2016\/04\/lead-lovers-facebook.png","type":"image\/png"}],"schema":{"@context":"https:\/\/schema.org","@graph":[{"@type":"WebPage","@id":"https:\/\/www.agencia7.com\/maquina-de-vendas\/politica-de-reembolso\/","url":"https:\/\/www.agencia7.com\/maquina-de-vendas\/politica-de-reembolso\/","name":"Pol\u00ed\u00adtica de Reembolso | Leadlovers M\u00e1quina de Leads","isPartOf":{"@id":"https:\/\/www.agencia7.com\/maquina-de-vendas\/#website"},"datePublished":"2016-04-23T00:58:11+00:00","dateModified":"2018-09-03T18:16:50+00:00","description":"Se em at\u00e9 30 dias ap\u00f3s a compra por alguma raz\u00e3o voc\u00ea n\u00e3o ficar satisfeito com o Lead Lovers seu dinheiro ser\u00e1 devolvido integralmente, sem burocracia.","breadcrumb":{"@id":"https:\/\/www.agencia7.com\/maquina-de-vendas\/politica-de-reembolso\/#breadcrumb"},"inLanguage":"pt-BR","potentialAction":[{"@type":"ReadAction","target":["https:\/\/www.agencia7.com\/maquina-de-vendas\/politica-de-reembolso\/"]}]},{"@type":"BreadcrumbList","@id":"https:\/\/www.agencia7.com\/maquina-de-vendas\/politica-de-reembolso\/#breadcrumb","itemListElement":[{"@type":"ListItem","position":1,"name":"In\u00edcio","item":"https:\/\/www.agencia7.com\/maquina-de-vendas\/"},{"@type":"ListItem","position":2,"name":"Pol\u00ed\u00adtica de Reembolso"}]},{"@type":"WebSite","@id":"https:\/\/www.agencia7.com\/maquina-de-vendas\/#website","url":"https:\/\/www.agencia7.com\/maquina-de-vendas\/","name":"Leadlovers M\u00e1quina de Leads","description":"Use o leadlovers m\u00e1quina de leads na sua estrat\u00e9gia de vendas","potentialAction":[{"@type":"SearchAction","target":{"@type":"EntryPoint","urlTemplate":"https:\/\/www.agencia7.com\/maquina-de-vendas\/?s={search_term_string}"},"query-input":{"@type":"PropertyValueSpecification","valueRequired":true,"valueName":"search_term_string"}}],"inLanguage":"pt-BR"}]}},"_links":{"self":[{"href":"https:\/\/www.agencia7.com\/maquina-de-vendas\/wp-json\/wp\/v2\/pages\/66","targetHints":{"allow":["GET"]}}],"collection":[{"href":"https:\/\/www.agencia7.com\/maquina-de-vendas\/wp-json\/wp\/v2\/pages"}],"about":[{"href":"https:\/\/www.agencia7.com\/maquina-de-vendas\/wp-json\/wp\/v2\/types\/page"}],"author":[{"embeddable":true,"href":"https:\/\/www.agencia7.com\/maquina-de-vendas\/wp-json\/wp\/v2\/users\/1"}],"replies":[{"embeddable":true,"href":"https:\/\/www.agencia7.com\/maquina-de-vendas\/wp-json\/wp\/v2\/comments?post=66"}],"version-history":[{"count":3,"href":"https:\/\/www.agencia7.com\/maquina-de-vendas\/wp-json\/wp\/v2\/pages\/66\/revisions"}],"predecessor-version":[{"id":339,"href":"https:\/\/www.agencia7.com\/maquina-de-vendas\/wp-json\/wp\/v2\/pages\/66\/revisions\/339"}],"wp:attachment":[{"href":"https:\/\/www.agencia7.com\/maquina-de-vendas\/wp-json\/wp\/v2\/media?parent=66"}],"curies":[{"name":"wp","href":"https:\/\/api.w.org\/{rel}","templated":true}]}}