{"id":7,"date":"2016-04-11T11:48:15","date_gmt":"2016-04-11T14:48:15","guid":{"rendered":"http:\/\/www.agencia7.com\/maquina-de-vendas\/?page_id=7"},"modified":"2022-07-01T18:35:01","modified_gmt":"2022-07-01T21:35:01","slug":"demonstracao-lead-lovers","status":"publish","type":"page","link":"https:\/\/www.agencia7.com\/maquina-de-vendas\/demonstracao-lead-lovers\/","title":{"rendered":"Demonstra\u00e7\u00e3o Lead Lovers"},"content":{"rendered":"<p>Este primeiro v\u00eddeo \u00e9 uma apresenta\u00e7\u00e3o comercial do <strong>Lead Lovers<\/strong> m\u00e1quina de vendas.<br \/>\n<iframe loading=\"lazy\" title=\"YouTube video player\" src=\"https:\/\/www.youtube.com\/embed\/tmZmjrRB9UY\" width=\"560\" height=\"315\" frameborder=\"0\" allowfullscreen=\"allowfullscreen\"><\/iframe><\/p>\n<p>&nbsp;<\/p>\n<p>Neste segundo v\u00eddeo \u00e9 uma <strong>demonstra\u00e7\u00e3o<\/strong> completa e m\u00e3o na massa.<br \/>\n<iframe loading=\"lazy\" title=\"YouTube video player\" src=\"https:\/\/www.youtube.com\/embed\/pL60AcCLeNo\" width=\"560\" height=\"315\" frameborder=\"0\" allowfullscreen=\"allowfullscreen\"><\/iframe><\/p>\n<p>&nbsp;<\/p>\n<p>Ainda est\u00e1 com d\u00favidas?<br \/>\nAcesse a nossa p\u00e1gina <a href=\"https:\/\/www.agencia7.com\/maquina-de-vendas\/perguntas-frequentes-lead-lovers\/\">Perguntas Frequentes<\/a>.<\/p>\n","protected":false},"excerpt":{"rendered":"<p>Este primeiro v\u00eddeo \u00e9 uma apresenta\u00e7\u00e3o comercial do Lead Lovers m\u00e1quina de vendas. &nbsp; Neste segundo v\u00eddeo \u00e9 uma demonstra\u00e7\u00e3o completa e m\u00e3o na massa. &nbsp; Ainda est\u00e1 com d\u00favidas? Acesse a nossa p\u00e1gina Perguntas Frequentes.<\/p>\n","protected":false},"author":1,"featured_media":0,"parent":0,"menu_order":0,"comment_status":"closed","ping_status":"closed","template":"","meta":{"site-sidebar-layout":"default","site-content-layout":"","ast-site-content-layout":"default","site-content-style":"default","site-sidebar-style":"default","ast-global-header-display":"","ast-banner-title-visibility":"","ast-main-header-display":"","ast-hfb-above-header-display":"","ast-hfb-below-header-display":"","ast-hfb-mobile-header-display":"","site-post-title":"","ast-breadcrumbs-content":"","ast-featured-img":"","footer-sml-layout":"","ast-disable-related-posts":"","theme-transparent-header-meta":"","adv-header-id-meta":"","stick-header-meta":"","header-above-stick-meta":"","header-main-stick-meta":"","header-below-stick-meta":"","astra-migrate-meta-layouts":"default","ast-page-background-enabled":"default","ast-page-background-meta":{"desktop":{"background-color":"var(--ast-global-color-4)","background-image":"","background-repeat":"repeat","background-position":"center center","background-size":"auto","background-attachment":"scroll","background-type":"","background-media":"","overlay-type":"","overlay-color":"","overlay-opacity":"","overlay-gradient":""},"tablet":{"background-color":"","background-image":"","background-repeat":"repeat","background-position":"center center","background-size":"auto","background-attachment":"scroll","background-type":"","background-media":"","overlay-type":"","overlay-color":"","overlay-opacity":"","overlay-gradient":""},"mobile":{"background-color":"","background-image":"","background-repeat":"repeat","background-position":"center center","background-size":"auto","background-attachment":"scroll","background-type":"","background-media":"","overlay-type":"","overlay-color":"","overlay-opacity":"","overlay-gradient":""}},"ast-content-background-meta":{"desktop":{"background-color":"var(--ast-global-color-5)","background-image":"","background-repeat":"repeat","background-position":"center center","background-size":"auto","background-attachment":"scroll","background-type":"","background-media":"","overlay-type":"","overlay-color":"","overlay-opacity":"","overlay-gradient":""},"tablet":{"background-color":"var(--ast-global-color-5)","background-image":"","background-repeat":"repeat","background-position":"center center","background-size":"auto","background-attachment":"scroll","background-type":"","background-media":"","overlay-type":"","overlay-color":"","overlay-opacity":"","overlay-gradient":""},"mobile":{"background-color":"var(--ast-global-color-5)","background-image":"","background-repeat":"repeat","background-position":"center center","background-size":"auto","background-attachment":"scroll","background-type":"","background-media":"","overlay-type":"","overlay-color":"","overlay-opacity":"","overlay-gradient":""}},"footnotes":""},"class_list":["post-7","page","type-page","status-publish","hentry"],"yoast_head":"<!-- This site is optimized with the Yoast SEO plugin v27.0 - https:\/\/yoast.com\/product\/yoast-seo-wordpress\/ -->\n<title>Demonstra\u00e7\u00e3o Lead Lovers<\/title>\n<meta name=\"description\" content=\"Dois videos de demonstra\u00e7\u00e3o lead lovers. Um v\u00eddeo comercial sobre a m\u00e1quina de vendas e um segundo v\u00ed\u00addeo m\u00e3o na massa. Conhe\u00e7a as funcionalidades agora.\" \/>\n<meta name=\"robots\" content=\"index, follow, max-snippet:-1, max-image-preview:large, max-video-preview:-1\" \/>\n<link rel=\"canonical\" href=\"https:\/\/www.agencia7.com\/maquina-de-vendas\/demonstracao-lead-lovers\/\" \/>\n<meta property=\"og:locale\" content=\"pt_BR\" \/>\n<meta property=\"og:type\" content=\"article\" \/>\n<meta property=\"og:title\" content=\"Demonstra\u00e7\u00e3o Lead Lovers\" \/>\n<meta property=\"og:description\" content=\"Dois videos de demonstra\u00e7\u00e3o lead lovers. Um v\u00eddeo comercial sobre a m\u00e1quina de vendas e um segundo v\u00ed\u00addeo m\u00e3o na massa. Conhe\u00e7a as funcionalidades agora.\" \/>\n<meta property=\"og:url\" content=\"https:\/\/www.agencia7.com\/maquina-de-vendas\/demonstracao-lead-lovers\/\" \/>\n<meta property=\"og:site_name\" content=\"Leadlovers M\u00e1quina de Leads\" \/>\n<meta property=\"article:modified_time\" content=\"2022-07-01T21:35:01+00:00\" \/>\n<meta property=\"og:image\" content=\"https:\/\/www.agencia7.com\/maquina-de-vendas\/wp-content\/uploads\/2016\/04\/lead-lovers-facebook.png\" \/>\n\t<meta property=\"og:image:width\" content=\"1200\" \/>\n\t<meta property=\"og:image:height\" content=\"628\" \/>\n\t<meta property=\"og:image:type\" content=\"image\/png\" \/>\n<meta name=\"twitter:label1\" content=\"Est. tempo de leitura\" \/>\n\t<meta name=\"twitter:data1\" content=\"1 minuto\" \/>\n<script type=\"application\/ld+json\" class=\"yoast-schema-graph\">{\"@context\":\"https:\/\/schema.org\",\"@graph\":[{\"@type\":\"WebPage\",\"@id\":\"https:\/\/www.agencia7.com\/maquina-de-vendas\/demonstracao-lead-lovers\/\",\"url\":\"https:\/\/www.agencia7.com\/maquina-de-vendas\/demonstracao-lead-lovers\/\",\"name\":\"Demonstra\u00e7\u00e3o Lead Lovers\",\"isPartOf\":{\"@id\":\"https:\/\/www.agencia7.com\/maquina-de-vendas\/#website\"},\"datePublished\":\"2016-04-11T14:48:15+00:00\",\"dateModified\":\"2022-07-01T21:35:01+00:00\",\"description\":\"Dois videos de demonstra\u00e7\u00e3o lead lovers. Um v\u00eddeo comercial sobre a m\u00e1quina de vendas e um segundo v\u00ed\u00addeo m\u00e3o na massa. Conhe\u00e7a as funcionalidades agora.\",\"breadcrumb\":{\"@id\":\"https:\/\/www.agencia7.com\/maquina-de-vendas\/demonstracao-lead-lovers\/#breadcrumb\"},\"inLanguage\":\"pt-BR\",\"potentialAction\":[{\"@type\":\"ReadAction\",\"target\":[\"https:\/\/www.agencia7.com\/maquina-de-vendas\/demonstracao-lead-lovers\/\"]}]},{\"@type\":\"BreadcrumbList\",\"@id\":\"https:\/\/www.agencia7.com\/maquina-de-vendas\/demonstracao-lead-lovers\/#breadcrumb\",\"itemListElement\":[{\"@type\":\"ListItem\",\"position\":1,\"name\":\"In\u00edcio\",\"item\":\"https:\/\/www.agencia7.com\/maquina-de-vendas\/\"},{\"@type\":\"ListItem\",\"position\":2,\"name\":\"Demonstra\u00e7\u00e3o Lead Lovers\"}]},{\"@type\":\"WebSite\",\"@id\":\"https:\/\/www.agencia7.com\/maquina-de-vendas\/#website\",\"url\":\"https:\/\/www.agencia7.com\/maquina-de-vendas\/\",\"name\":\"Leadlovers M\u00e1quina de Leads\",\"description\":\"Use o leadlovers m\u00e1quina de leads na sua estrat\u00e9gia de vendas\",\"potentialAction\":[{\"@type\":\"SearchAction\",\"target\":{\"@type\":\"EntryPoint\",\"urlTemplate\":\"https:\/\/www.agencia7.com\/maquina-de-vendas\/?s={search_term_string}\"},\"query-input\":{\"@type\":\"PropertyValueSpecification\",\"valueRequired\":true,\"valueName\":\"search_term_string\"}}],\"inLanguage\":\"pt-BR\"}]}<\/script>\n<!-- \/ Yoast SEO plugin. -->","yoast_head_json":{"title":"Demonstra\u00e7\u00e3o Lead Lovers","description":"Dois videos de demonstra\u00e7\u00e3o lead lovers. Um v\u00eddeo comercial sobre a m\u00e1quina de vendas e um segundo v\u00ed\u00addeo m\u00e3o na massa. Conhe\u00e7a as funcionalidades agora.","robots":{"index":"index","follow":"follow","max-snippet":"max-snippet:-1","max-image-preview":"max-image-preview:large","max-video-preview":"max-video-preview:-1"},"canonical":"https:\/\/www.agencia7.com\/maquina-de-vendas\/demonstracao-lead-lovers\/","og_locale":"pt_BR","og_type":"article","og_title":"Demonstra\u00e7\u00e3o Lead Lovers","og_description":"Dois videos de demonstra\u00e7\u00e3o lead lovers. Um v\u00eddeo comercial sobre a m\u00e1quina de vendas e um segundo v\u00ed\u00addeo m\u00e3o na massa. Conhe\u00e7a as funcionalidades agora.","og_url":"https:\/\/www.agencia7.com\/maquina-de-vendas\/demonstracao-lead-lovers\/","og_site_name":"Leadlovers M\u00e1quina de Leads","article_modified_time":"2022-07-01T21:35:01+00:00","og_image":[{"width":1200,"height":628,"url":"https:\/\/www.agencia7.com\/maquina-de-vendas\/wp-content\/uploads\/2016\/04\/lead-lovers-facebook.png","type":"image\/png"}],"twitter_misc":{"Est. tempo de leitura":"1 minuto"},"schema":{"@context":"https:\/\/schema.org","@graph":[{"@type":"WebPage","@id":"https:\/\/www.agencia7.com\/maquina-de-vendas\/demonstracao-lead-lovers\/","url":"https:\/\/www.agencia7.com\/maquina-de-vendas\/demonstracao-lead-lovers\/","name":"Demonstra\u00e7\u00e3o Lead Lovers","isPartOf":{"@id":"https:\/\/www.agencia7.com\/maquina-de-vendas\/#website"},"datePublished":"2016-04-11T14:48:15+00:00","dateModified":"2022-07-01T21:35:01+00:00","description":"Dois videos de demonstra\u00e7\u00e3o lead lovers. Um v\u00eddeo comercial sobre a m\u00e1quina de vendas e um segundo v\u00ed\u00addeo m\u00e3o na massa. Conhe\u00e7a as funcionalidades agora.","breadcrumb":{"@id":"https:\/\/www.agencia7.com\/maquina-de-vendas\/demonstracao-lead-lovers\/#breadcrumb"},"inLanguage":"pt-BR","potentialAction":[{"@type":"ReadAction","target":["https:\/\/www.agencia7.com\/maquina-de-vendas\/demonstracao-lead-lovers\/"]}]},{"@type":"BreadcrumbList","@id":"https:\/\/www.agencia7.com\/maquina-de-vendas\/demonstracao-lead-lovers\/#breadcrumb","itemListElement":[{"@type":"ListItem","position":1,"name":"In\u00edcio","item":"https:\/\/www.agencia7.com\/maquina-de-vendas\/"},{"@type":"ListItem","position":2,"name":"Demonstra\u00e7\u00e3o Lead Lovers"}]},{"@type":"WebSite","@id":"https:\/\/www.agencia7.com\/maquina-de-vendas\/#website","url":"https:\/\/www.agencia7.com\/maquina-de-vendas\/","name":"Leadlovers M\u00e1quina de Leads","description":"Use o leadlovers m\u00e1quina de leads na sua estrat\u00e9gia de vendas","potentialAction":[{"@type":"SearchAction","target":{"@type":"EntryPoint","urlTemplate":"https:\/\/www.agencia7.com\/maquina-de-vendas\/?s={search_term_string}"},"query-input":{"@type":"PropertyValueSpecification","valueRequired":true,"valueName":"search_term_string"}}],"inLanguage":"pt-BR"}]}},"_links":{"self":[{"href":"https:\/\/www.agencia7.com\/maquina-de-vendas\/wp-json\/wp\/v2\/pages\/7","targetHints":{"allow":["GET"]}}],"collection":[{"href":"https:\/\/www.agencia7.com\/maquina-de-vendas\/wp-json\/wp\/v2\/pages"}],"about":[{"href":"https:\/\/www.agencia7.com\/maquina-de-vendas\/wp-json\/wp\/v2\/types\/page"}],"author":[{"embeddable":true,"href":"https:\/\/www.agencia7.com\/maquina-de-vendas\/wp-json\/wp\/v2\/users\/1"}],"replies":[{"embeddable":true,"href":"https:\/\/www.agencia7.com\/maquina-de-vendas\/wp-json\/wp\/v2\/comments?post=7"}],"version-history":[{"count":12,"href":"https:\/\/www.agencia7.com\/maquina-de-vendas\/wp-json\/wp\/v2\/pages\/7\/revisions"}],"predecessor-version":[{"id":1106,"href":"https:\/\/www.agencia7.com\/maquina-de-vendas\/wp-json\/wp\/v2\/pages\/7\/revisions\/1106"}],"wp:attachment":[{"href":"https:\/\/www.agencia7.com\/maquina-de-vendas\/wp-json\/wp\/v2\/media?parent=7"}],"curies":[{"name":"wp","href":"https:\/\/api.w.org\/{rel}","templated":true}]}}