{"id":9,"date":"2016-04-11T11:49:17","date_gmt":"2016-04-11T14:49:17","guid":{"rendered":"http:\/\/www.agencia7.com\/maquina-de-vendas\/?page_id=9"},"modified":"2023-08-01T11:05:10","modified_gmt":"2023-08-01T14:05:10","slug":"perguntas-frequentes-lead-lovers","status":"publish","type":"page","link":"https:\/\/www.agencia7.com\/maquina-de-vendas\/perguntas-frequentes-lead-lovers\/","title":{"rendered":"Perguntas Frequentes Lead Lovers"},"content":{"rendered":"<p>Abaixo vamos algumas <strong>perguntas frequentes Lead lovers<\/strong> automa\u00e7\u00e3o de marketing digital.<\/p>\n<p>&nbsp;<\/p>\n<p><img loading=\"lazy\" decoding=\"async\" class=\"aligncenter wp-image-41 size-large\" title=\"Perguntas Frequentes Lead Lovers\" src=\"https:\/\/www.agencia7.com\/maquina-de-vendas\/wp-content\/uploads\/2016\/04\/pergunta-frequentes-1024x768.jpg\" alt=\"Perguntas Frequentes Lead Lovers\" width=\"1024\" height=\"768\" srcset=\"https:\/\/www.agencia7.com\/maquina-de-vendas\/wp-content\/uploads\/2016\/04\/pergunta-frequentes.jpg 1024w, https:\/\/www.agencia7.com\/maquina-de-vendas\/wp-content\/uploads\/2016\/04\/pergunta-frequentes-300x225.jpg 300w, https:\/\/www.agencia7.com\/maquina-de-vendas\/wp-content\/uploads\/2016\/04\/pergunta-frequentes-768x576.jpg 768w\" sizes=\"auto, (max-width: 1024px) 100vw, 1024px\" \/><\/p>\n<p>&nbsp;<\/p>\n<h2>Algumas Perguntas Frequentes Lead lovers<\/h2>\n<p><strong>O que \u00e9 o Lead Lovers?<\/strong><\/p>\n<p>Esta \u00e9 uma das perguntas mais &#8220;frequentes lead lovers&#8221;. O Lead Lovers \u00e9 uma plataforma simples que permite facilmente gerenciar Leads em um funil autom\u00e1tico de vendas online com todas as ferramentas necess\u00e1rias j\u00e1 integradas e funcionando online.<\/p>\n<p>&nbsp;<\/p>\n<p><strong>O que s\u00e3o leads?<\/strong><\/p>\n<p>Um lead \u00e9 uma pessoa com o perfil do seu cliente, um poss\u00edvel e futuro cliente, uma pessoa que precisa (ou pode precisar no futuro) da sua ajuda, produto ou servi\u00e7o, que um dia comprou ou pode vir a comprar algo de voc\u00ea.<\/p>\n<p>&nbsp;<\/p>\n<p><strong>O que s\u00e3o M\u00e1quinas de Vendas?<\/strong><\/p>\n<p>\u00c9 a estrutura que engloba todos os recursos necess\u00e1rios (sequ\u00eancia de e-mails, cria\u00e7\u00e3o de p\u00e1ginas, broadcast, leads) para voc\u00ea criar a sua automa\u00e7\u00e3o de marketing digital. E, al\u00e9m da m\u00e1quina de vendas com sequ\u00eancia de e-mails, tamb\u00e9m existem m\u00e1quinas com sequ\u00eancia de SMS.<\/p>\n<p>&nbsp;<\/p>\n<p><strong>Quantos leads posso ter nos planos iniciais?<\/strong><\/p>\n<p>N\u00e3o importa o plano (mensal ou anual), a base inicial ser\u00e1 de at\u00e9 5 mil leads e sempre h\u00e1 a possibilidade de fazer um upgrade na sua conta a qualquer momento.<\/p>\n<p>&nbsp;<\/p>\n<p><strong>O que s\u00e3o os modelos prontos de maquinas de vendas?<\/strong><\/p>\n<p>S\u00e3o m\u00e1quinas prontas de segmentos espec\u00edficos, ou seja, elas j\u00e1 v\u00eam com uma sequ\u00eancia de e-mails e p\u00e1ginas criadas, basta voc\u00ea clicar em &#8220;Usar&#8221; para copiar uma m\u00e1quina pronta para a sua conta. Voc\u00ea pode editar tanto os conte\u00fados da sequ\u00eancia de e-mails quanto as p\u00e1ginas e dar aquele toque s\u00f3 seu na m\u00e1quina.<\/p>\n<p>&nbsp;<\/p>\n<p><strong>Possuem integra\u00e7\u00e3o com outras ferramentas\/plataformas?<\/strong><\/p>\n<p>Mas \u00e9 claro! Voc\u00ea integra com as principais solu\u00e7\u00f5es do mercado. Isso permite reduzir custos e ganhar efici\u00eancia, concentrando o gerenciamento do seu marketing e vendas em um s\u00f3 lugar. Para conhecer todas as nossas integra\u00e7\u00f5es, \u00e9 s\u00f3 clicar <a title=\"aqui\" href=\"https:\/\/llovers.com.br\/af-integracoes\" target=\"_blank\" rel=\"nofollow noopener\">aqui<\/a> neste link.<\/p>\n<p>&nbsp;<\/p>\n<p><strong>Quantos dom\u00ednios pode trabalhar numa \u00fanica conta?<\/strong><\/p>\n<p>Est\u00e1 preparado(a)? O n\u00famero de dom\u00ednios pr\u00f3prio que voc\u00ea pode usar dentro do leadlovers \u00e9 ilimitado basta criar uma m\u00e1quina de vendas para cada um.<\/p>\n<p>&nbsp;<\/p>\n<p><strong>Como \u00e9 o seu suporte?<\/strong><\/p>\n<p>O nosso suporte fant\u00e1stico est\u00e1 dispon\u00edvel de segunda-feira a sexta-feira, para responder d\u00favidas t\u00e9cnicas sobre a plataforma. O atendimento \u00e9 via chat online e pelo e-mail (ticket) suporte@amoleads.com.<\/p>\n<p>&nbsp;<\/p>\n<p><strong>Voc\u00eas possuem teste gratuito?<\/strong><\/p>\n<p>Outra pergunta bem <em>frequentes lead lovers<\/em>. N\u00e3o, mas sem p\u00e2nico, no leadlovers voc\u00ea encontra Garantia.<\/p>\n<p>&nbsp;<\/p>\n<p><strong>O que \u00e9 a Garantia?<\/strong><\/p>\n<p>Ao assinar a plataforma, voc\u00ea tem at\u00e9 7 dias para <a title=\"Testar o Leadlovers Gr\u00e1tis (Aprenda Como Fazer Isto)\" href=\"https:\/\/www.agencia7.com\/maquina-de-vendas\/leadlovers-gratis\/\" target=\"_blank\" rel=\"noopener noreferrer\">testar o leadlovers<\/a> e se durante esse per\u00edodo voc\u00ea achar: &#8220;N\u00e9, isso n\u00e3o \u00e9 para mim!&#8221;, basta cancelar a assinatura que devolvemos 100% o seu dinheiro, sem enrola\u00e7\u00e3o.<\/p>\n<p>&nbsp;<\/p>\n<p><strong>Possui fidelidade?<\/strong><\/p>\n<p>N\u00e3o, voc\u00ea pode cancelar a assinatura a qualquer momento. N\u00f3s apenas possu\u00edmos fidelidade com o sucesso do seu neg\u00f3cio.<\/p>\n<p>&nbsp;<\/p>\n<p><strong>O que \u00e9 um funil autom\u00e1tico?<\/strong><\/p>\n<p>Existem v\u00e1rios conceitos de funil, mas n\u00f3s chamamos por funil todo processo deste a captura de um Lead (p\u00e1ginas diversas integradas, como p\u00e1ginas de captura, recompensa, lan\u00e7amento, vendas, etc.), relacionamento autom\u00e1tico \/ autoresponder (via e-mail, notifica\u00e7\u00f5es e *celular), vendas\/cobran\u00e7a de servi\u00e7os, produtos ou assinaturas, com pagamento integrado (hotmart, pagseguro e paypal), controle de boletos, libera\u00e7\u00e3o de conte\u00fado, gerenciamento de \u00e1rea de membros e sistema de suporte.<\/p>\n<p>&nbsp;<\/p>\n<p><strong>N\u00e3o entendi, fala outra l\u00edngua<\/strong><\/p>\n<p>O Lead Lovers \u00e9 uma ferramenta que permite voc\u00ea encontrar Leads e obter o contato deles, permite conversar com eles, entregar conte\u00fado gratuito, converter algumas oportunidades em vendas, receber o dinheiro e entrega suas aulas, manuais, treinamentos, b\u00f4nus, acompanhamento e tudo mais, de forma simples e autom\u00e1tica.<\/p>\n<p>&nbsp;<\/p>\n<p><strong>Tem mais coisas?<\/strong><\/p>\n<p>Muito mais coisas, mas uma muito especial foi desenhada especialmente pensando em ajudar voc\u00ea. Como criar tudo isso \u00e9 meio complexo, uma forma de facilitar a vida na hora de criar isso tudo, criar um clone, uma c\u00f3pia de tudo e partir deste modelo para criar outro funil autom\u00e1tico de vendas.<\/p>\n<p>&nbsp;<\/p>\n<p><strong>Quais os requisitos para envio de e-mail? Qual sua taxa de entrega? Os e-mails caem no Spam?<\/strong><\/p>\n<p>N\u00f3s somos totalmente CONTRA O SPAM, se voc\u00ea deseja enviar SPAM o <strong>Leadlovers<\/strong> n\u00e3o \u00e9 para voc\u00ea. De outro lado, garantimos a entrega dos nossos e-mails e notifica\u00e7\u00f5es, mas precisamos da sua ajuda, existem regras que devem seguidas e realizadas por voc\u00ea, configura\u00e7\u00f5es e autentica\u00e7\u00f5es para garantir para os usu\u00e1rios que voc\u00ea autoriza e certifica a origem das mensagens assinadas por voc\u00ea. Pode ficar tranquilo que ensinamos como fazer tudo certinho para voc\u00ea.<\/p>\n<p>&nbsp;<\/p>\n<p><strong>Para quem posso enviar e-mails?<\/strong><br \/>\nOs e-mails podem ser importados no sistema, mas se detectarmos SPAM ou compra de e-mails, voc\u00ea \u00e9 banido na hora.<\/p>\n<p>&nbsp;<\/p>\n<p><strong>Os Leads podem cancelar\/opt-out o recebimento de e-mails?<\/strong><\/p>\n<p>Assim como em e-mail marketing, seus usu\u00e1rios podem optar por sair a qualquer momento da sua lista de e-mails e eles podem fazer isso facilmente. Certifique-se de ler e seguir as nossas orienta\u00e7\u00f5es e n\u00e3o dar a seus usu\u00e1rios uma raz\u00e3o para optar sair, porque eles podem optar por se descadastrar muito facilmente.<\/p>\n<p>&nbsp;<\/p>\n<p><strong>Corro risco de sofrer bloqueios, ou banimentos, da Meta ao utilizar as automa\u00e7\u00f5es de direct do Instagram ou WhatsApp?<\/strong><\/p>\n<p>Nossas integra\u00e7\u00f5es s\u00e3o 100% seguras e profissionais, pois s\u00e3o feitas diretamente com a API Oficial da Meta.<\/p>\n<p>&nbsp;<\/p>\n<h2>Conte\u00fado M\u00e1gico leadlovers<\/h2>\n<p><strong>O que \u00e9 o Conte\u00fado M\u00e1gico?<\/strong><\/p>\n<p>O conte\u00fado M\u00e1gico \u00e9 uma ferramenta de <a title=\"O que \u00e9 intelig\u00eancia artificial\" href=\"https:\/\/didatica.tech\/o-que-e-inteligencia-artificial-como-funciona\/\" target=\"_blank\" rel=\"noopener\">Intelig\u00eancia Artificial<\/a> criada para gerar textos autom\u00e1ticos, com base nas especifica\u00e7\u00f5es dadas por voc\u00ea, no momento da solicita\u00e7\u00e3o.<\/p>\n<p>&nbsp;<\/p>\n<p>Quando voc\u00ea faz uma pergunta ou pede para a intelig\u00eancia gerar seu texto, ela usa esses dados para produzir uma resposta.<\/p>\n<p>&nbsp;<\/p>\n<p><strong>Preciso contratar um plano extra para usar o Conte\u00fado M\u00e1gico?<\/strong><\/p>\n<p>N\u00e3o. O Conte\u00fado M\u00e1gico est\u00e1 dispon\u00edvel em todos os planos da leadlovers, junto com as +65 ferramentas de automa\u00e7\u00e3o de marketing.<\/p>\n<p>&nbsp;<\/p>\n<p><strong>Como funciona o Conte\u00fado M\u00e1gico?<\/strong><\/p>\n<p>Na sua conta leadlovers, acesse sua m\u00e1quina &gt; sequ\u00eancia de mensagens-e-mails &gt; clique em criar novo e-mail &gt; no canto superior direito, clique em &#8220;Conte\u00fado M\u00e1gico&#8221;. Ap\u00f3s descrever as especifica\u00e7\u00f5es do seu texto, escolha o tipo de comunica\u00e7\u00e3o (amig\u00e1vel, formal, etc) e aperte em &#8220;Gerar Conte\u00fado&#8221;.<\/p>\n<p>&nbsp;<\/p>\n<h2>Zaplovers<\/h2>\n<p><strong>H\u00e1 algum limite na quantidade de envios de mensagens pelo zaplovers?<\/strong><\/p>\n<p>Com o zaplovers, voc\u00ea tem a liberdade de conversar de forma ilimitada com seus contatos! Por\u00e9m, \u00e9 importante saber que as mensagens iniciais tem um custo tabelado pela Meta, tanto as enviadas por voc\u00ea, quanto as que recebeu do seu lead.<\/p>\n<p>&nbsp;<\/p>\n<p>Em resumo, voc\u00ea paga por iniciar as conversas, mas as trocas de mensagens que ocorrerem ap\u00f3s esse primeiro contato, e dentro do per\u00edodo de 24 horas, s\u00e3o ilimitadas e sem custo.Tamb\u00e9m vale saber que as primeiras mil mensagens iniciais que a sua empresa tem a cada m\u00eas s\u00e3o gratuitas. E caso seu lead entre em contato atrav\u00e9s de an\u00fancios de clique para o WhatsApp, as conversas n\u00e3o ser\u00e3o cobradas. Para conhecer os valores aplicados pela Meta, \u00e9 s\u00f3 acessar este link <a title=\"aqui\" href=\"https:\/\/www.facebook.com\/business\/help\/2225184664363779\" target=\"_blank\" rel=\"nofollow noopener\">aqui<\/a>.<\/p>\n<p>&nbsp;<\/p>\n<p><strong>Podemos enviar mensagens em massa com o zaplovers?<\/strong><\/p>\n<p>Sim, individualmente e sem medo!<\/p>\n<p>&nbsp;<\/p>\n<p><strong>Como funciona o limite de contatos para quem tem leadlovers + zaplovers, j\u00e1 que o zaplovers tem contatos ilimitados?<\/strong><\/p>\n<p>Com o zaplovers voc\u00ea tem a liberdade de ter contatos de WhatsApp ilimitados, ou seja, eles possuem como dados principais nome e telefone. Caso capture o e-mail desses contatos, eles utilizar\u00e3o o limite de contatos da sua conta leadlovers.<\/p>\n<p>&nbsp;<\/p>\n<p>Isso permite que voc\u00ea crie uma estrat\u00e9gia totalmente integrada com as nossas automa\u00e7\u00f5es. Al\u00e9m de aumentar consideravelmente suas chances de fechar neg\u00f3cios e alcan\u00e7ar seus objetivos empresariais.<\/p>\n<p>&nbsp;<\/p>\n<p><strong>Quantos n\u00fameros de celular posso inserir no plano zaplovers?<\/strong><\/p>\n<p>Com esse plano voc\u00ea pode cadastrar um n\u00famero fixo ou m\u00f3vel e ter toda a estrutura de qualidade que precisa para alcan\u00e7ar os melhores resultados. Al\u00e9m disso, \u00e9 poss\u00edvel cadastrar mais n\u00fameros com upgrades, realizados com descontos especiais, o que te garante economia e excelente custo-benef\u00edcio. N\u00e3o perca essa oportunidade!<\/p>\n<p>&nbsp;<\/p>\n<p>\u00c9 f\u00e1cil, \u00e9 r\u00e1pido e sem segredo. <a href=\"https:\/\/www.agencia7.com\/maquina-de-vendas\/depoimentos-lead-lovers\/\">Veja aqui quem j\u00e1 est\u00e1 usando<\/a>.<\/p>\n","protected":false},"excerpt":{"rendered":"<p>Abaixo vamos algumas perguntas frequentes Lead lovers automa\u00e7\u00e3o de marketing digital. &nbsp; &nbsp; Algumas Perguntas Frequentes Lead lovers O que \u00e9 o Lead Lovers? Esta \u00e9 uma das perguntas mais &#8220;frequentes lead lovers&#8221;. O Lead Lovers \u00e9 uma plataforma simples que permite facilmente gerenciar Leads em um funil autom\u00e1tico de vendas online com todas as [&hellip;]<\/p>\n","protected":false},"author":1,"featured_media":0,"parent":0,"menu_order":0,"comment_status":"open","ping_status":"closed","template":"","meta":{"site-sidebar-layout":"default","site-content-layout":"default","ast-site-content-layout":"default","site-content-style":"default","site-sidebar-style":"default","ast-global-header-display":"","ast-banner-title-visibility":"","ast-main-header-display":"","ast-hfb-above-header-display":"","ast-hfb-below-header-display":"","ast-hfb-mobile-header-display":"","site-post-title":"","ast-breadcrumbs-content":"","ast-featured-img":"","footer-sml-layout":"","ast-disable-related-posts":"","theme-transparent-header-meta":"default","adv-header-id-meta":"","stick-header-meta":"","header-above-stick-meta":"","header-main-stick-meta":"","header-below-stick-meta":"","astra-migrate-meta-layouts":"default","ast-page-background-enabled":"default","ast-page-background-meta":{"desktop":{"background-color":"var(--ast-global-color-4)","background-image":"","background-repeat":"repeat","background-position":"center center","background-size":"auto","background-attachment":"scroll","background-type":"","background-media":"","overlay-type":"","overlay-color":"","overlay-opacity":"","overlay-gradient":""},"tablet":{"background-color":"","background-image":"","background-repeat":"repeat","background-position":"center center","background-size":"auto","background-attachment":"scroll","background-type":"","background-media":"","overlay-type":"","overlay-color":"","overlay-opacity":"","overlay-gradient":""},"mobile":{"background-color":"","background-image":"","background-repeat":"repeat","background-position":"center center","background-size":"auto","background-attachment":"scroll","background-type":"","background-media":"","overlay-type":"","overlay-color":"","overlay-opacity":"","overlay-gradient":""}},"ast-content-background-meta":{"desktop":{"background-color":"var(--ast-global-color-5)","background-image":"","background-repeat":"repeat","background-position":"center center","background-size":"auto","background-attachment":"scroll","background-type":"","background-media":"","overlay-type":"","overlay-color":"","overlay-opacity":"","overlay-gradient":""},"tablet":{"background-color":"var(--ast-global-color-5)","background-image":"","background-repeat":"repeat","background-position":"center center","background-size":"auto","background-attachment":"scroll","background-type":"","background-media":"","overlay-type":"","overlay-color":"","overlay-opacity":"","overlay-gradient":""},"mobile":{"background-color":"var(--ast-global-color-5)","background-image":"","background-repeat":"repeat","background-position":"center center","background-size":"auto","background-attachment":"scroll","background-type":"","background-media":"","overlay-type":"","overlay-color":"","overlay-opacity":"","overlay-gradient":""}},"footnotes":""},"class_list":["post-9","page","type-page","status-publish","hentry"],"yoast_head":"<!-- This site is optimized with the Yoast SEO plugin v27.0 - https:\/\/yoast.com\/product\/yoast-seo-wordpress\/ -->\n<title>Perguntas Frequentes Lead Lovers<\/title>\n<meta name=\"description\" content=\"Algumas perguntas frequentes lead lovers. O que \u00e9 o Lead Lovers? O que \u00e9 um funil autom\u00e1tico?O que s\u00e3o leads?\" \/>\n<meta name=\"robots\" content=\"index, follow, max-snippet:-1, max-image-preview:large, max-video-preview:-1\" \/>\n<link rel=\"canonical\" href=\"https:\/\/www.agencia7.com\/maquina-de-vendas\/perguntas-frequentes-lead-lovers\/\" \/>\n<meta property=\"og:locale\" content=\"pt_BR\" \/>\n<meta property=\"og:type\" content=\"article\" \/>\n<meta property=\"og:title\" content=\"Perguntas Frequentes Lead Lovers\" \/>\n<meta property=\"og:description\" content=\"Algumas perguntas frequentes lead lovers. O que \u00e9 o Lead Lovers? O que \u00e9 um funil autom\u00e1tico?O que s\u00e3o leads?\" \/>\n<meta property=\"og:url\" content=\"https:\/\/www.agencia7.com\/maquina-de-vendas\/perguntas-frequentes-lead-lovers\/\" \/>\n<meta property=\"og:site_name\" content=\"Leadlovers M\u00e1quina de Leads\" \/>\n<meta property=\"article:modified_time\" content=\"2023-08-01T14:05:10+00:00\" \/>\n<meta property=\"og:image\" content=\"https:\/\/www.agencia7.com\/maquina-de-vendas\/wp-content\/uploads\/2016\/04\/lead-lovers-facebook.png\" \/>\n\t<meta property=\"og:image:width\" content=\"1200\" \/>\n\t<meta property=\"og:image:height\" content=\"628\" \/>\n\t<meta property=\"og:image:type\" content=\"image\/png\" \/>\n<meta name=\"twitter:label1\" content=\"Est. tempo de leitura\" \/>\n\t<meta name=\"twitter:data1\" content=\"8 minutos\" \/>\n<script type=\"application\/ld+json\" class=\"yoast-schema-graph\">{\"@context\":\"https:\/\/schema.org\",\"@graph\":[{\"@type\":\"WebPage\",\"@id\":\"https:\/\/www.agencia7.com\/maquina-de-vendas\/perguntas-frequentes-lead-lovers\/\",\"url\":\"https:\/\/www.agencia7.com\/maquina-de-vendas\/perguntas-frequentes-lead-lovers\/\",\"name\":\"Perguntas Frequentes Lead Lovers\",\"isPartOf\":{\"@id\":\"https:\/\/www.agencia7.com\/maquina-de-vendas\/#website\"},\"primaryImageOfPage\":{\"@id\":\"https:\/\/www.agencia7.com\/maquina-de-vendas\/perguntas-frequentes-lead-lovers\/#primaryimage\"},\"image\":{\"@id\":\"https:\/\/www.agencia7.com\/maquina-de-vendas\/perguntas-frequentes-lead-lovers\/#primaryimage\"},\"thumbnailUrl\":\"https:\/\/www.agencia7.com\/maquina-de-vendas\/wp-content\/uploads\/2016\/04\/pergunta-frequentes-1024x768.jpg\",\"datePublished\":\"2016-04-11T14:49:17+00:00\",\"dateModified\":\"2023-08-01T14:05:10+00:00\",\"description\":\"Algumas perguntas frequentes lead lovers. O que \u00e9 o Lead Lovers? O que \u00e9 um funil autom\u00e1tico?O que s\u00e3o leads?\",\"breadcrumb\":{\"@id\":\"https:\/\/www.agencia7.com\/maquina-de-vendas\/perguntas-frequentes-lead-lovers\/#breadcrumb\"},\"inLanguage\":\"pt-BR\",\"potentialAction\":[{\"@type\":\"ReadAction\",\"target\":[\"https:\/\/www.agencia7.com\/maquina-de-vendas\/perguntas-frequentes-lead-lovers\/\"]}]},{\"@type\":\"ImageObject\",\"inLanguage\":\"pt-BR\",\"@id\":\"https:\/\/www.agencia7.com\/maquina-de-vendas\/perguntas-frequentes-lead-lovers\/#primaryimage\",\"url\":\"https:\/\/www.agencia7.com\/maquina-de-vendas\/wp-content\/uploads\/2016\/04\/pergunta-frequentes.jpg\",\"contentUrl\":\"https:\/\/www.agencia7.com\/maquina-de-vendas\/wp-content\/uploads\/2016\/04\/pergunta-frequentes.jpg\",\"width\":1024,\"height\":768},{\"@type\":\"BreadcrumbList\",\"@id\":\"https:\/\/www.agencia7.com\/maquina-de-vendas\/perguntas-frequentes-lead-lovers\/#breadcrumb\",\"itemListElement\":[{\"@type\":\"ListItem\",\"position\":1,\"name\":\"In\u00edcio\",\"item\":\"https:\/\/www.agencia7.com\/maquina-de-vendas\/\"},{\"@type\":\"ListItem\",\"position\":2,\"name\":\"Perguntas Frequentes Lead Lovers\"}]},{\"@type\":\"WebSite\",\"@id\":\"https:\/\/www.agencia7.com\/maquina-de-vendas\/#website\",\"url\":\"https:\/\/www.agencia7.com\/maquina-de-vendas\/\",\"name\":\"Leadlovers M\u00e1quina de Leads\",\"description\":\"Use o leadlovers m\u00e1quina de leads na sua estrat\u00e9gia de vendas\",\"potentialAction\":[{\"@type\":\"SearchAction\",\"target\":{\"@type\":\"EntryPoint\",\"urlTemplate\":\"https:\/\/www.agencia7.com\/maquina-de-vendas\/?s={search_term_string}\"},\"query-input\":{\"@type\":\"PropertyValueSpecification\",\"valueRequired\":true,\"valueName\":\"search_term_string\"}}],\"inLanguage\":\"pt-BR\"}]}<\/script>\n<!-- \/ Yoast SEO plugin. -->","yoast_head_json":{"title":"Perguntas Frequentes Lead Lovers","description":"Algumas perguntas frequentes lead lovers. O que \u00e9 o Lead Lovers? O que \u00e9 um funil autom\u00e1tico?O que s\u00e3o leads?","robots":{"index":"index","follow":"follow","max-snippet":"max-snippet:-1","max-image-preview":"max-image-preview:large","max-video-preview":"max-video-preview:-1"},"canonical":"https:\/\/www.agencia7.com\/maquina-de-vendas\/perguntas-frequentes-lead-lovers\/","og_locale":"pt_BR","og_type":"article","og_title":"Perguntas Frequentes Lead Lovers","og_description":"Algumas perguntas frequentes lead lovers. O que \u00e9 o Lead Lovers? O que \u00e9 um funil autom\u00e1tico?O que s\u00e3o leads?","og_url":"https:\/\/www.agencia7.com\/maquina-de-vendas\/perguntas-frequentes-lead-lovers\/","og_site_name":"Leadlovers M\u00e1quina de Leads","article_modified_time":"2023-08-01T14:05:10+00:00","og_image":[{"width":1200,"height":628,"url":"https:\/\/www.agencia7.com\/maquina-de-vendas\/wp-content\/uploads\/2016\/04\/lead-lovers-facebook.png","type":"image\/png"}],"twitter_misc":{"Est. tempo de leitura":"8 minutos"},"schema":{"@context":"https:\/\/schema.org","@graph":[{"@type":"WebPage","@id":"https:\/\/www.agencia7.com\/maquina-de-vendas\/perguntas-frequentes-lead-lovers\/","url":"https:\/\/www.agencia7.com\/maquina-de-vendas\/perguntas-frequentes-lead-lovers\/","name":"Perguntas Frequentes Lead Lovers","isPartOf":{"@id":"https:\/\/www.agencia7.com\/maquina-de-vendas\/#website"},"primaryImageOfPage":{"@id":"https:\/\/www.agencia7.com\/maquina-de-vendas\/perguntas-frequentes-lead-lovers\/#primaryimage"},"image":{"@id":"https:\/\/www.agencia7.com\/maquina-de-vendas\/perguntas-frequentes-lead-lovers\/#primaryimage"},"thumbnailUrl":"https:\/\/www.agencia7.com\/maquina-de-vendas\/wp-content\/uploads\/2016\/04\/pergunta-frequentes-1024x768.jpg","datePublished":"2016-04-11T14:49:17+00:00","dateModified":"2023-08-01T14:05:10+00:00","description":"Algumas perguntas frequentes lead lovers. O que \u00e9 o Lead Lovers? O que \u00e9 um funil autom\u00e1tico?O que s\u00e3o leads?","breadcrumb":{"@id":"https:\/\/www.agencia7.com\/maquina-de-vendas\/perguntas-frequentes-lead-lovers\/#breadcrumb"},"inLanguage":"pt-BR","potentialAction":[{"@type":"ReadAction","target":["https:\/\/www.agencia7.com\/maquina-de-vendas\/perguntas-frequentes-lead-lovers\/"]}]},{"@type":"ImageObject","inLanguage":"pt-BR","@id":"https:\/\/www.agencia7.com\/maquina-de-vendas\/perguntas-frequentes-lead-lovers\/#primaryimage","url":"https:\/\/www.agencia7.com\/maquina-de-vendas\/wp-content\/uploads\/2016\/04\/pergunta-frequentes.jpg","contentUrl":"https:\/\/www.agencia7.com\/maquina-de-vendas\/wp-content\/uploads\/2016\/04\/pergunta-frequentes.jpg","width":1024,"height":768},{"@type":"BreadcrumbList","@id":"https:\/\/www.agencia7.com\/maquina-de-vendas\/perguntas-frequentes-lead-lovers\/#breadcrumb","itemListElement":[{"@type":"ListItem","position":1,"name":"In\u00edcio","item":"https:\/\/www.agencia7.com\/maquina-de-vendas\/"},{"@type":"ListItem","position":2,"name":"Perguntas Frequentes Lead Lovers"}]},{"@type":"WebSite","@id":"https:\/\/www.agencia7.com\/maquina-de-vendas\/#website","url":"https:\/\/www.agencia7.com\/maquina-de-vendas\/","name":"Leadlovers M\u00e1quina de Leads","description":"Use o leadlovers m\u00e1quina de leads na sua estrat\u00e9gia de vendas","potentialAction":[{"@type":"SearchAction","target":{"@type":"EntryPoint","urlTemplate":"https:\/\/www.agencia7.com\/maquina-de-vendas\/?s={search_term_string}"},"query-input":{"@type":"PropertyValueSpecification","valueRequired":true,"valueName":"search_term_string"}}],"inLanguage":"pt-BR"}]}},"_links":{"self":[{"href":"https:\/\/www.agencia7.com\/maquina-de-vendas\/wp-json\/wp\/v2\/pages\/9","targetHints":{"allow":["GET"]}}],"collection":[{"href":"https:\/\/www.agencia7.com\/maquina-de-vendas\/wp-json\/wp\/v2\/pages"}],"about":[{"href":"https:\/\/www.agencia7.com\/maquina-de-vendas\/wp-json\/wp\/v2\/types\/page"}],"author":[{"embeddable":true,"href":"https:\/\/www.agencia7.com\/maquina-de-vendas\/wp-json\/wp\/v2\/users\/1"}],"replies":[{"embeddable":true,"href":"https:\/\/www.agencia7.com\/maquina-de-vendas\/wp-json\/wp\/v2\/comments?post=9"}],"version-history":[{"count":14,"href":"https:\/\/www.agencia7.com\/maquina-de-vendas\/wp-json\/wp\/v2\/pages\/9\/revisions"}],"predecessor-version":[{"id":1763,"href":"https:\/\/www.agencia7.com\/maquina-de-vendas\/wp-json\/wp\/v2\/pages\/9\/revisions\/1763"}],"wp:attachment":[{"href":"https:\/\/www.agencia7.com\/maquina-de-vendas\/wp-json\/wp\/v2\/media?parent=9"}],"curies":[{"name":"wp","href":"https:\/\/api.w.org\/{rel}","templated":true}]}}